{"id":1047,"date":"2015-04-14T10:13:09","date_gmt":"2015-04-14T10:13:09","guid":{"rendered":"http:\/\/mallory.web-design.ee\/home-2\/"},"modified":"2024-03-18T16:30:53","modified_gmt":"2024-03-18T13:30:53","slug":"home-2","status":"publish","type":"page","link":"https:\/\/mallorygroup.ee\/et\/","title":{"rendered":"Avaleht"},"content":{"rendered":"<div id=\"pl-1047\"  class=\"panel-layout\" ><div id=\"pg-1047-0\"  class=\"panel-grid panel-no-style\" ><div id=\"pgc-1047-0-0\"  class=\"panel-grid-cell\" ><div id=\"panel-1047-0-0-0\" class=\"so-panel widget widget_black-studio-tinymce widget_black_studio_tinymce panel-first-child\" data-index=\"0\" ><div class=\"widget-title--big panel-widget-style panel-widget-style-for-1047-0-0-0\" ><h3 class=\"widget-title\"><span class=\"widget-title__inline\">Mida meie osutame<\/span><\/h3><div class=\"textwidget\"><p>Me osutame mitmesuguseid kaupade tollivormistuse ja tolliformaalsuste rakendamisega seotud teenuseid Euroopa ja SR\u00dc territooriumil. Meie spetsialistid aitavad h\u00f5lbustada teie veoste kohaletoimetamise protsessi tolliladustamiseks.<\/p>\n<\/div><\/div><\/div><div id=\"panel-1047-0-0-1\" class=\"so-panel widget widget_text panel-last-child\" data-index=\"1\" ><div class=\"widget-title--big panel-widget-style panel-widget-style-for-1047-0-0-1\" >\t\t\t<div class=\"textwidget\"><div class=\"logo-panel\">\n  <div class=\"row\">\n    <div class=\"col-xs-12  col-sm-4\">\n      <img decoding=\"async\" src=\"\/wp-content\/uploads\/2018\/11\/logo1.jpg\" alt=\"Client\">\n    <\/div>\n    <div class=\"col-xs-12  col-sm-4\">\n      <img decoding=\"async\" src=\"\/wp-content\/uploads\/2018\/11\/logo2.jpg\" alt=\"Client\">\n    <\/div>\n    <div class=\"col-xs-12  col-sm-4\">\n      <img decoding=\"async\" src=\"\/wp-content\/uploads\/2018\/11\/logo3.jpg\" alt=\"Client\">\n    <\/div>\n    <div class=\"col-xs-12  col-sm-4\">\n      <img decoding=\"async\" src=\"\/wp-content\/uploads\/2019\/02\/logo10.jpg\" alt=\"Client\">\n    <\/div>\n    <div class=\"col-xs-12  col-sm-4\">\n      <img decoding=\"async\" src=\"\/wp-content\/uploads\/2019\/02\/logo9.jpg\" alt=\"Client\">\n    <\/div>\n    <div class=\"col-xs-12  col-sm-4\">\n      <img decoding=\"async\" src=\"\/wp-content\/uploads\/2019\/02\/logo8.jpg\" alt=\"Client\">\n    <\/div>\n  <\/div>\n<\/div><\/div>\n\t\t<\/div><\/div><\/div><div id=\"pgc-1047-0-1\"  class=\"panel-grid-cell\" ><div id=\"panel-1047-0-1-0\" class=\"so-panel widget widget_black-studio-tinymce widget_black_studio_tinymce panel-first-child panel-last-child\" data-index=\"2\" ><div class=\"featured-widget panel-widget-style panel-widget-style-for-1047-0-1-0\" ><h3 class=\"widget-title\"><span class=\"widget-title__inline\">Hinnap\u00e4ring<\/span><\/h3><div class=\"textwidget\"><p>Kui teil on k\u00fcsimusi, millele te vastust meie lehelt ei leia, aitame Teid meelsasti.<\/p>\n<p><div role=\"form\" class=\"wpcf7\" id=\"wpcf7-f1154-o1\" lang=\"en-US\" dir=\"ltr\">\n<div class=\"screen-reader-response\"><\/div>\n<form action=\"\/et\/wp-json\/wp\/v2\/pages\/1047\/#wpcf7-f1154-o1\" method=\"post\" class=\"wpcf7-form\" novalidate=\"novalidate\">\n<div style=\"display: none;\">\n<input type=\"hidden\" name=\"_wpcf7\" value=\"1154\" \/>\n<input type=\"hidden\" name=\"_wpcf7_version\" value=\"5.1.1\" \/>\n<input type=\"hidden\" name=\"_wpcf7_locale\" value=\"en_US\" \/>\n<input type=\"hidden\" name=\"_wpcf7_unit_tag\" value=\"wpcf7-f1154-o1\" \/>\n<input type=\"hidden\" name=\"_wpcf7_container_post\" value=\"0\" \/>\n<input type=\"hidden\" name=\"g-recaptcha-response\" value=\"\" \/>\n<\/div>\n<div class=\"row\">\n<div class=\"col-xs-12  col-md-6\">\n    <span class=\"wpcf7-form-control-wrap your-name\"><input type=\"text\" name=\"your-name\" value=\"\" size=\"40\" class=\"wpcf7-form-control wpcf7-text wpcf7-validates-as-required\" aria-required=\"true\" aria-invalid=\"false\" placeholder=\"Eesnimi\" \/><\/span>\n  <\/div>\n<div class=\"col-xs-12  col-md-6\">\n    <span class=\"wpcf7-form-control-wrap last-name\"><input type=\"text\" name=\"last-name\" value=\"\" size=\"40\" class=\"wpcf7-form-control wpcf7-text wpcf7-validates-as-required\" aria-required=\"true\" aria-invalid=\"false\" placeholder=\"Perekonnanimi\" \/><\/span>\n  <\/div>\n<\/div>\n<div class=\"row\">\n<div class=\"col-xs-12  col-md-6\">\n    <span class=\"wpcf7-form-control-wrap your-email\"><input type=\"email\" name=\"your-email\" value=\"\" size=\"40\" class=\"wpcf7-form-control wpcf7-text wpcf7-email wpcf7-validates-as-required wpcf7-validates-as-email\" aria-required=\"true\" aria-invalid=\"false\" placeholder=\"E-post\" \/><\/span>\n  <\/div>\n<div class=\"col-xs-12  col-md-6\">\n    <span class=\"wpcf7-form-control-wrap your-phone\"><input type=\"tel\" name=\"your-phone\" value=\"\" size=\"40\" class=\"wpcf7-form-control wpcf7-text wpcf7-tel wpcf7-validates-as-required wpcf7-validates-as-tel\" aria-required=\"true\" aria-invalid=\"false\" placeholder=\"Telefoninumber\" \/><\/span>\n  <\/div>\n<\/div>\n<div class=\"row\">\n<div class=\"col-xs-12\">\n    <span class=\"wpcf7-form-control-wrap your-message\"><textarea name=\"your-message\" cols=\"40\" rows=\"10\" class=\"wpcf7-form-control wpcf7-textarea\" aria-invalid=\"false\" placeholder=\"Kiri\"><\/textarea><\/span><br \/>\n    <input type=\"submit\" value=\"SAADA\" class=\"wpcf7-form-control wpcf7-submit btn btn-primary\" \/>\n  <\/div>\n<\/div>\n<div class=\"wpcf7-response-output wpcf7-display-none\"><\/div><\/form><\/div><\/p>\n<\/div><\/div><\/div><\/div><\/div><div id=\"pg-1047-1\"  class=\"panel-grid panel-has-style\" ><div class=\"siteorigin-panels-stretch panel-row-style panel-row-style-for-1047-1\" data-stretch-type=\"full-stretched\" ><div id=\"pgc-1047-1-0\"  class=\"panel-grid-cell\" ><div id=\"panel-1047-1-0-0\" class=\"so-panel widget widget_pw_google_map panel-first-child panel-last-child\" data-index=\"3\" >\n\n\t<div\n\t\tclass=\"simple-map  js-where-we-are\"\n\t\tdata-latlng=\"59.482187, 24.969021\"\n\t\tdata-markers=\"[{&quot;id&quot;:&quot;1&quot;,&quot;title&quot;:&quot;Tallin&quot;,&quot;locationlatlng&quot;:&quot;59.482187, 24.969021&quot;,&quot;custompinimage&quot;:&quot;\\\/wp-content\\\/uploads\\\/2018\\\/11\\\/map-marker.png&quot;}]\"\n\t\tdata-zoom=\"15\"\n\t\tdata-type=\"roadmap\"\n\t\tdata-style=\"[{&quot;featureType&quot;:&quot;road&quot;,&quot;elementType&quot;:&quot;labels&quot;,&quot;stylers&quot;:[{&quot;visibility&quot;:&quot;simplified&quot;},{&quot;lightness&quot;:20}]},{&quot;featureType&quot;:&quot;administrative.land_parcel&quot;,&quot;elementType&quot;:&quot;all&quot;,&quot;stylers&quot;:[{&quot;visibility&quot;:&quot;off&quot;}]},{&quot;featureType&quot;:&quot;landscape.man_made&quot;,&quot;elementType&quot;:&quot;all&quot;,&quot;stylers&quot;:[{&quot;visibility&quot;:&quot;off&quot;}]},{&quot;featureType&quot;:&quot;transit&quot;,&quot;elementType&quot;:&quot;all&quot;,&quot;stylers&quot;:[{&quot;visibility&quot;:&quot;off&quot;}]},{&quot;featureType&quot;:&quot;road.local&quot;,&quot;elementType&quot;:&quot;labels&quot;,&quot;stylers&quot;:[{&quot;visibility&quot;:&quot;simplified&quot;}]},{&quot;featureType&quot;:&quot;road.local&quot;,&quot;elementType&quot;:&quot;geometry&quot;,&quot;stylers&quot;:[{&quot;visibility&quot;:&quot;simplified&quot;}]},{&quot;featureType&quot;:&quot;road.highway&quot;,&quot;elementType&quot;:&quot;labels&quot;,&quot;stylers&quot;:[{&quot;visibility&quot;:&quot;simplified&quot;}]},{&quot;featureType&quot;:&quot;poi&quot;,&quot;elementType&quot;:&quot;labels&quot;,&quot;stylers&quot;:[{&quot;visibility&quot;:&quot;off&quot;}]},{&quot;featureType&quot;:&quot;road.arterial&quot;,&quot;elementType&quot;:&quot;labels&quot;,&quot;stylers&quot;:[{&quot;visibility&quot;:&quot;off&quot;}]},{&quot;featureType&quot;:&quot;water&quot;,&quot;elementType&quot;:&quot;all&quot;,&quot;stylers&quot;:[{&quot;hue&quot;:&quot;#a1cdfc&quot;},{&quot;saturation&quot;:30},{&quot;lightness&quot;:49}]},{&quot;featureType&quot;:&quot;road.highway&quot;,&quot;elementType&quot;:&quot;geometry&quot;,&quot;stylers&quot;:[{&quot;hue&quot;:&quot;#f49935&quot;}]},{&quot;featureType&quot;:&quot;road.arterial&quot;,&quot;elementType&quot;:&quot;geometry&quot;,&quot;stylers&quot;:[{&quot;hue&quot;:&quot;#fad959&quot;}]}]\"\n\t\tstyle=\"height: 380px;\"\n\t><\/div>\n\n<\/div><\/div><\/div><\/div><\/div>","protected":false},"excerpt":{"rendered":"<p>Mida meie osutameMe osutame mitmesuguseid kaupade tollivormistuse ja tolliformaalsuste rakendamisega seotud teenuseid Euroopa ja SR\u00dc territooriumil. Meie spetsialistid aitavad h\u00f5lbustada teie veoste kohaletoimetamise protsessi tolliladustamiseks. Hinnap\u00e4ringKui teil on k\u00fcsimusi, millele te vastust meie lehelt ei leia, aitame Teid meelsasti.<\/p>\n","protected":false},"author":1,"featured_media":0,"parent":0,"menu_order":0,"comment_status":"closed","ping_status":"open","template":"template-front-page-slider.php","meta":{"footnotes":""},"_links":{"self":[{"href":"https:\/\/mallorygroup.ee\/et\/wp-json\/wp\/v2\/pages\/1047\/"}],"collection":[{"href":"https:\/\/mallorygroup.ee\/et\/wp-json\/wp\/v2\/pages\/"}],"about":[{"href":"https:\/\/mallorygroup.ee\/et\/wp-json\/wp\/v2\/types\/page\/"}],"author":[{"embeddable":true,"href":"https:\/\/mallorygroup.ee\/et\/wp-json\/wp\/v2\/users\/1\/"}],"replies":[{"embeddable":true,"href":"https:\/\/mallorygroup.ee\/et\/wp-json\/wp\/v2\/comments\/?post=1047"}],"version-history":[{"count":21,"href":"https:\/\/mallorygroup.ee\/et\/wp-json\/wp\/v2\/pages\/1047\/revisions\/"}],"predecessor-version":[{"id":1865,"href":"https:\/\/mallorygroup.ee\/et\/wp-json\/wp\/v2\/pages\/1047\/revisions\/1865\/"}],"wp:attachment":[{"href":"https:\/\/mallorygroup.ee\/et\/wp-json\/wp\/v2\/media\/?parent=1047"}],"curies":[{"name":"wp","href":"https:\/\/api.w.org\/{rel}","templated":true}]}}