{"id":1061,"date":"2015-04-23T11:04:51","date_gmt":"2015-04-23T11:04:51","guid":{"rendered":"http:\/\/mallory.web-design.ee\/about-company\/"},"modified":"2024-03-07T14:42:19","modified_gmt":"2024-03-07T11:42:19","slug":"about-company","status":"publish","type":"page","link":"https:\/\/mallorygroup.ee\/et\/about-company\/","title":{"rendered":"Meist"},"content":{"rendered":"<div id=\"pl-1061\"  class=\"panel-layout\" ><div id=\"pg-1061-0\"  class=\"panel-grid panel-no-style\" ><div id=\"pgc-1061-0-0\"  class=\"panel-grid-cell\" ><div id=\"panel-1061-0-0-0\" class=\"so-panel widget widget_black-studio-tinymce widget_black_studio_tinymce panel-first-child panel-last-child\" data-index=\"0\" ><div class=\"textwidget\"><p>Me osutame mitmesuguseid kaupade tollivormistuse ja tolliformaalsuste rakendamisega seotud teenuseid Euroopa ja Venemaa territooriumil. Meie spetsialistid aitavad h\u00f5lbustada teie veoste kohaletoimetamise protsessi tolliladustamiseks.<\/p>\n<p>Firma tegevus h\u00f5lmab alltoodud teenuseid.<\/p>\n<p>Kogu tollivormistusteenuste kompleks:<\/p>\n<ul>\n<li>v\u00f5imalus vormistada veoseid iseseisvalt, ilma \"kolmandate isikuteta\";<\/li>\n<li>v\u00f5imalus k\u00f5ikide tollioperatsioonide teostamiseks tolliagendi nimel;<\/li>\n<li>tolliagendi teenused TIR CMR SMGS B\/L ekspordi\/impordi deklaratsioonide vormistamisel;<\/li>\n<li>dokumentide ja t\u00f5endite esitamine tolliasutustesse;<\/li>\n<li>tollivormistusprotseduuride j\u00e4lgimine;<\/li>\n<li>dokumentide ettevalmistamine ja \u00fcleandmine vedajale\/valdajale p\u00e4rast vormistamist;<\/li>\n<li>p\u00e4ritolusertifikaatide, veterinaar-\/f\u00fctosertifikaatide vormistamine.<\/li>\n<li>Konsultatsiooniteenused: dokumentide eelnev ettevalmistus, kaasa arvatud abi osutamine kaupade klassifitseerimisel vastavalt V\u00e4lismajandustegevuse Kaubanomenklatuurile;<\/li>\n<li>tolliv\u00e4\u00e4rtuse arvutamine ja tollimaksude tasumise organiseerimine;<\/li>\n<li>klientide n\u00f5ustamine tollivormistuse k\u00f5igis protseduurilistes k\u00fcsimustes;<\/li>\n<li>omanikuvahetus Muuga sadama vabatsoonis;<\/li>\n<li>elektrooniline ja eelnev deklareerimine;<\/li>\n<li>ajutise hoiustamise teenused kauba \u00fcmberpakkimise ja sorteerimise v\u00f5imalusega.<\/li>\n<\/ul>\n<\/div><\/div><\/div><\/div><\/div>","protected":false},"excerpt":{"rendered":"<p>Me osutame mitmesuguseid kaupade tollivormistuse ja tolliformaalsuste rakendamisega seotud teenuseid Euroopa ja Venemaa territooriumil. Meie spetsialistid aitavad h\u00f5lbustada teie veoste kohaletoimetamise protsessi tolliladustamiseks. Firma tegevus h\u00f5lmab alltoodud teenuseid. Kogu tollivormistusteenuste kompleks: v\u00f5imalus vormistada veoseid iseseisvalt, ilma &#8220;kolmandate isikuteta&#8221;; v\u00f5imalus k\u00f5ikide tollioperatsioonide teostamiseks tolliagendi nimel; tolliagendi teenused TIR CMR SMGS B\/L ekspordi\/impordi deklaratsioonide vormistamisel; dokumentide ja &hellip;<\/p>\n","protected":false},"author":1,"featured_media":0,"parent":0,"menu_order":0,"comment_status":"closed","ping_status":"open","template":"","meta":{"footnotes":""},"_links":{"self":[{"href":"https:\/\/mallorygroup.ee\/et\/wp-json\/wp\/v2\/pages\/1061\/"}],"collection":[{"href":"https:\/\/mallorygroup.ee\/et\/wp-json\/wp\/v2\/pages\/"}],"about":[{"href":"https:\/\/mallorygroup.ee\/et\/wp-json\/wp\/v2\/types\/page\/"}],"author":[{"embeddable":true,"href":"https:\/\/mallorygroup.ee\/et\/wp-json\/wp\/v2\/users\/1\/"}],"replies":[{"embeddable":true,"href":"https:\/\/mallorygroup.ee\/et\/wp-json\/wp\/v2\/comments\/?post=1061"}],"version-history":[{"count":4,"href":"https:\/\/mallorygroup.ee\/et\/wp-json\/wp\/v2\/pages\/1061\/revisions\/"}],"predecessor-version":[{"id":1826,"href":"https:\/\/mallorygroup.ee\/et\/wp-json\/wp\/v2\/pages\/1061\/revisions\/1826\/"}],"wp:attachment":[{"href":"https:\/\/mallorygroup.ee\/et\/wp-json\/wp\/v2\/media\/?parent=1061"}],"curies":[{"name":"wp","href":"https:\/\/api.w.org\/{rel}","templated":true}]}}