{"id":1071,"date":"2015-04-23T12:38:18","date_gmt":"2015-04-23T12:38:18","guid":{"rendered":"http:\/\/mallory.web-design.ee\/about-company\/information\/"},"modified":"2018-11-13T12:46:23","modified_gmt":"2018-11-13T09:46:23","slug":"information","status":"publish","type":"page","link":"https:\/\/mallorygroup.ee\/et\/about-company\/information\/","title":{"rendered":"Abimaterjalid"},"content":{"rendered":"<div id=\"pl-1071\"  class=\"panel-layout\" ><div id=\"pg-1071-0\"  class=\"panel-grid panel-no-style\" ><div id=\"pgc-1071-0-0\"  class=\"panel-grid-cell\" ><div id=\"panel-1071-0-0-0\" class=\"so-panel widget widget_black-studio-tinymce widget_black_studio_tinymce panel-first-child\" data-index=\"0\" ><h3 class=\"widget-title\"><span class=\"widget-title__inline\">\u00dcLDTUNTUD RAHVUSVAHELISED L\u00dcHENDID<\/span><\/h3><div class=\"textwidget\"><p><strong>Erinevate sadamatevaheliste liinivedude p\u00f5hilised l\u00fchendid:<\/strong><\/p>\n<ul>\n<li><strong>FICY \u2013 Free in\/Container yard<\/strong>\u00a0(ilma pealelaadimiseta sadamas kuni konteineriterminalini); FILO \u2013 Free in\/Liner out (pealelaadimine saatja kulul , lossimine liini kulul);<\/li>\n<li><strong>FIOS \/ FIFO \u2013 Free in\/out<\/strong>\u00a0(pealelaadimine ja lossimine saatja kulul);<\/li>\n<li><strong>LI-Door \u2013 Liner in \/ Door<\/strong>\u00a0(pealelaadimine sadamas liini kulul- \u201cuks\u201d kliendi oma).<\/li>\n<li><strong>LIFO \u2013 Liner in\/Free out<\/strong>\u00a0(pealelaadimine liini kulul, lossimine saatja kulul);<\/li>\n<li><strong>LILO \u2013 Liner in\/out<\/strong>\u00a0(pealelaadimine ja lossimine liini kulul- t\u00e4ielikud liiniteenused);<\/li>\n<li><strong>FCL - Full Container Load<\/strong>\u00a0\u2013 Konteineri t\u00e4ielik laadimine \u00fche saatja poolt \u00fche saaja aadressile;<\/li>\n<li><strong>LCL - Less Container Loading<\/strong>\u00a0\u2013 Konteineri laadimine \u00fche saatja poolt erinevatele saajale, osakoorem.<\/li>\n<li><strong>LI - Last In<\/strong>\u00a0\u2013 Ekspediitor osutab j\u00e4rgmisi teenuseid, mille hind on prahihinna sees: konteineri t\u00f5stmine trasnpordivahendilt (auto, raudtee), paigutamine terminalis (CY), laadimine laevale.<\/li>\n<li><strong>LO - Last Out<\/strong>\u00a0\u2013 Ekspediitor osutab j\u00e4rgmisi teenuseid, mille hind ei ole prahihinna sees: konteineri t\u00f5stmine trasnpordivahendilt (auto, raudtee), paigutamine terminalis (CY), laadimine laevale.<\/li>\n<\/ul>\n<p><strong>Konkreetse liini- v\u00f5i sadamam\u00e4\u00e4ru lisatasu:<\/strong><\/p>\n<ul>\n<li><strong>BAF (Bunker Adjustment Factor)<\/strong>\u00a0\u2013 punkri lisatasu \u2013 k\u00fctusehinna muutuse indekseerimine;<\/li>\n<li><strong>BFR<\/strong>\u00a0- merepraht<\/li>\n<li><strong>CAF (Currency Adjustment Factor)<\/strong>\u00a0\u2013 lisatasu valuutas \u2013 erinevate valuutade kursivahe indekseerimine;<\/li>\n<li><strong>CUC (Chassis Using Charge)<\/strong>\u00a0\u2013 l\u00f5iv, \u0161assiide kasutamise eest;<\/li>\n<li><strong>Documentation Fee<\/strong>\u00a0\u2013l\u00f5iv, dokumentide vormistamise eest;<\/li>\n<li><strong>PSS Peak Season Surcharge<\/strong>\u00a0\u2013 s\u00fcgis-kevadisel perioodil kehtib PSS lisatasu, seoses veomahtude suurenemisega;<\/li>\n<li><strong>WNS Winter Surcharge<\/strong>\u00a0\u2013 lisatasu j\u00e4\u00e4 l\u00f5hkumise eest k\u00fclmunud sadamates ( n\u00e4iteks Sankt-Peterburg) \u2013 viikase sisse reeglina 1. detsembrist ning kuni 31. m\u00e4rtsini jm.<\/li>\n<li><strong>Wharfage<\/strong>\u00a0\u2013 sadama tollimaks;<\/li>\n<\/ul>\n<p><strong>L\u00f5ivud:<\/strong><\/p>\n<ul>\n<li><strong>ALL IN - All Inclusive<\/strong>\u00a0- \u00abk\u00f5ik hinnas\u00bb \u2013 see t\u00e4hendab , et transpordihind sisaldab endas k\u00f5iki lisal\u00f5ive, mis on etten\u00e4htud veotingimustega;<\/li>\n<li><strong>CUC (Chassis Using Charge)<\/strong>\u00a0\u2013 l\u00f5iv \u0161assiide kasutamise eest;<\/li>\n<li><strong>DDF Documentation Fee<\/strong>\u00a0- Destination \u2013 l\u00f5iv dokumentide vormistamise eest jm. sihtsadamas;<\/li>\n<li><strong>DOCS (documentation)<\/strong>\u00a0\u2013 dokumentide vormistamise l\u00f5iv;<\/li>\n<li><strong>EMF Equipment Management Fee<\/strong>\u00a0\u2013 seadmete juhtkonna l\u00f5iv;<\/li>\n<li><strong>ERS Emergency Risk Surcharge<\/strong>\u00a0\u2013 etten\u00e4gematud kulud trahvidele;<\/li>\n<li><strong>IHE Export Inland Rate<\/strong>\u00a0\u2013 ekspordi sisemaks:<\/li>\n<li><strong>ISPS<\/strong>\u00a0\u2013 maks turvalisuse eest sadamas;<\/li>\n<li><strong>ODF Documentation Fee - Origin<\/strong>\u00a0\u2013dokumentide vormistamise ja rida muid makse p\u00e4ritolumaal:<\/li>\n<li><strong>OHC Handling Charge - Origin<\/strong>\u00a0\u2013 lossimiskulud p\u00e4ritolusadamas;<\/li>\n<li><strong>ORC - Origin receiving charges<\/strong>\u00a0\u2013 ametlik provintsil\u00f5iv Hiinas;<\/li>\n<li><strong>OTA Transport Arbitrary - Origin<\/strong>\u00a0\u2013 juhuslikud transpordikulud p\u00e4ritolusadamas;<\/li>\n<li><strong>PAE Port Additionals \/ Port Dues - Export<\/strong>\u00a0\u2013 lisa ekspordi tollimaks sadamas;<\/li>\n<li><strong>PSI Port Security Charge - Import<\/strong>\u00a0\u2013 kulud, turvalisuse tagamiseks importimise ajal sadamas;<\/li>\n<li><strong>SER Carrier Security Charge<\/strong>\u00a0\u2013 kulud, veose turvalisuse tagamiseks transpordi ajal;<\/li>\n<\/ul>\n<p><strong>L\u00fchendid:<\/strong><\/p>\n<ul>\n<li><strong>BL -Bill of Lading<\/strong>\u00a0\u2013 veokiri;<\/li>\n<li><strong>CC - Customs Clearance<\/strong>\u00a0\u2013 kaupa importimise v\u00f5i eksportimise tolliprotseduur;<\/li>\n<li><strong>CFS - Container Freight Station<\/strong>\u00a0\u2013 konsolideerimise ladu;<\/li>\n<li><strong>CGO \u2013 Cargo<\/strong>\u00a0\u2013 veos;<\/li>\n<li><strong>CNEE \u2013 Consignee<\/strong>\u00a0- saaja \u2014 isik, kellele antakse veos sihtpunktis;<\/li>\n<li><strong>CNTR \u2013 Container<\/strong>\u00a0\u2013 standartm\u00f5\u00f5tmeline konteiner;<\/li>\n<li><strong>COC (\u0421arrier's \u041ewned Container)<\/strong>\u00a0\u2013 konteiner on vedaja omand, konteineri kasutamistasu on prahihinnas;<\/li>\n<li><strong>CY- Container Yard<\/strong>\u00a0- konteinerterminal;<\/li>\n<li><strong>DC - Dry Container<\/strong>\u00a0\u2013 kuiv konteiner \u2013 konteineri t\u00fc\u00fcp;<\/li>\n<li><strong>DIM \u2013 Dimentions<\/strong>\u00a0\u2013 m\u00f5\u00f5tmed;<\/li>\n<li><strong>DHC Handling Charge - Destination<\/strong>\u00a0\u2013 lossimiskulud sihtsadamas;<\/li>\n<li><strong>DTA Transport Arbitrary - Destination<\/strong>\u00a0\u2013 juhuslikud transportkulud sihtsadamas;<\/li>\n<li><strong>ETD (Estimated Time of Departure)<\/strong>\u00a0\u2013 oodatav v\u00e4ljumisaeg;<\/li>\n<li><strong>ETA (Estimeted Time of Arrival)<\/strong>\u00a0\u2013 oodatav saabumisaeg;<\/li>\n<li><strong>EX1 - Export Declaration<\/strong>\u00a0- Eksportdeklaratsioon.<\/li>\n<li><strong>HBL - House Bill of Lading<\/strong>\u00a0\u2013 l\u00e4biv veokiri (uksest ukseni transpordiks).<\/li>\n<li><strong>INV. - Commercial Invoice<\/strong>\u00a0\u2013M\u00fc\u00fcja poolt koostatud arve, mida kasutatakse kaupade v\u00e4\u00e4rtuse m\u00e4rkimiseks erinevatel eesm\u00e4rkidel.<\/li>\n<li><strong>LT - Local Time<\/strong>\u00a0\u2013 Kohalik aeg.<\/li>\n<li><strong>Manifest<\/strong>\u00a0\u2013 Dokument laevade k\u00f5ikide veoste kirjeldustega.<\/li>\n<li><strong>MBL - Master Bill of Lading<\/strong>\u00a0\u2013 mere veokiri;<\/li>\n<li><strong>MV - Mother Vessel<\/strong>\u00a0\u2013 suur liinurlaev, mis teenindab suure veok\u00e4ibega sadamaid.<\/li>\n<li><strong>NVOCC<\/strong>\u00a0\u2013\u00a0 vedaja, kes omab veoruumide kindlaid mahte laeval, mis ei kuulu talle, ega ei ole tema poolt juhitav, kuid kellel on luba avaldada parda veokirju.<\/li>\n<li><strong>OBL - Ocean Bill of Lading<\/strong>\u00a0\u2013 ookeani veokiri;<\/li>\n<li><strong>PACK - Packing List<\/strong>\u00a0- pakkimisleht.;<\/li>\n<li><strong>POL (Port of Loading)<\/strong>\u00a0- laadimissadam;<\/li>\n<li><strong>POD (Port of Delivery)<\/strong>\u00a0- sihtsadam;<\/li>\n<li><strong>SEA (seafreight), O\/F(oceanfreight)<\/strong>\u00a0- merepraht;<\/li>\n<li><strong>SOC (Shipper's Owned Container)<\/strong>\u00a0\u2013 konteiner on kliendi omand;<\/li>\n<li><strong>T\/T - Transit Time<\/strong>\u00a0\u2013 veo tranziidiaeg;<\/li>\n<li><strong>TEU - Twentyfeets Equivslent Unit<\/strong>\u00a0\u2013kahek\u00fcmnetollilise konteineri ekvivalent.<\/li>\n<li><strong>THC (Terminal Handling Charges)<\/strong>\u00a0\u2013 Veose terminaalne t\u00f6\u00f6tlemine: laevale pealelaadimine ja laevalt lossimine,\u00a0 virna ladumine, v\u00e4ljapanek t\u00f6\u00f6de teostamiseks\u00a0 jne.<\/li>\n<\/ul>\n<\/div><\/div><div id=\"panel-1071-0-0-1\" class=\"so-panel widget widget_black-studio-tinymce widget_black_studio_tinymce\" data-index=\"1\" ><h3 class=\"widget-title\"><span class=\"widget-title__inline\">INCOTERMS 2010<\/span><\/h3><div class=\"textwidget\"><table class=\"dangerous_table\" border=\"0\" cellspacing=\"0\" cellpadding=\"0\">\n<tbody>\n<tr>\n<td valign=\"center\" width=\"60\"><strong>1 klass<br \/>\n<\/strong><\/td>\n<td valign=\"center\" width=\"120\"><img loading=\"lazy\" decoding=\"async\" class=\"aligncenter\" src=\"\/wp-content\/uploads\/2018\/11\/x1.jpg\" alt=\"\" width=\"80\" height=\"80\" \/><\/td>\n<td valign=\"center\">Ohtlike veoste 1 klass -\u00a0 l\u00f5hkeained,\u00a0 mis oma omaduste poolest v\u00f5ivad plahvatada v\u00f5i tekitada plahvatusliku tulekahju ning samuti seadmed, mis sisaldavad l\u00f5hkeaineid ja l\u00f5hkevahendeid, mis on etten\u00e4htud p\u00fcrotehnilise efekti tootmiseks.<\/td>\n<\/tr>\n<tr>\n<td valign=\"center\"><strong>2 klass<br \/>\n<\/strong><\/td>\n<td valign=\"center\" width=\"120\"><img loading=\"lazy\" decoding=\"async\" class=\"aligncenter\" src=\"\/wp-content\/uploads\/2018\/11\/x2.jpg\" alt=\"\" width=\"80\" height=\"80\" \/><\/td>\n<td valign=\"center\">Ohtlike veoste 2 klass \u2013 surugaasid, gaasid, mis on vedeldatud jahutamise teel v\u00f5i lahustatud r\u00f5hu m\u00f5jul, mis vastavad kasv\u00f5i \u00fchele j\u00e4rgnevatest n\u00f5uetest.<\/td>\n<\/tr>\n<tr>\n<td valign=\"center\"><strong>3 klass<br \/>\n<\/strong><\/td>\n<td valign=\"center\" width=\"120\"><img loading=\"lazy\" decoding=\"async\" class=\"aligncenter\" src=\"\/wp-content\/uploads\/2018\/11\/x3.jpg\" alt=\"\" width=\"80\" height=\"80\" \/><\/td>\n<td valign=\"center\">Ohtlike veoste 3 klass \u2013 kergesti s\u00fcttivad vedelikud, vedeliku segud ning samuti vedelikud, mis sisaldavad tahkeid aineid lahustes v\u00f5i suspensioonides, mis eraldavad kergestis\u00fcttivaid aure, mille s\u00fcttimistemperatuur suletud tiiglis on 6\u00b0C ning sellest madalam.<\/td>\n<\/tr>\n<tr>\n<td valign=\"center\"><strong>4 klass<br \/>\n<\/strong><\/td>\n<td valign=\"center\" width=\"120\"><img loading=\"lazy\" decoding=\"async\" class=\"aligncenter\" src=\"\/wp-content\/uploads\/2018\/11\/x4.jpg\" alt=\"\" width=\"80\" height=\"80\" \/><\/td>\n<td valign=\"center\">Ohtlike veoste 4 klass \u2013 kergestis\u00fcttivad ained ja materjalid (peale nende, mis on klassifitseeritud, kui l\u00f5hkeained), mis on v\u00f5imelised kergesti s\u00fcttima transpordi ajal s\u00fcttimise v\u00e4listeguritest, nagu h\u00f5\u00f5rdumine, niiskuse imbumine, omavoliline keemiline muundumine ning samuti soojenemine.<\/td>\n<\/tr>\n<tr>\n<td valign=\"center\"><strong>5 klass<br \/>\n<\/strong><\/td>\n<td valign=\"center\" width=\"120\"><img loading=\"lazy\" decoding=\"async\" class=\"aligncenter\" src=\"\/wp-content\/uploads\/2018\/11\/x5.jpg\" alt=\"\" width=\"80\" height=\"80\" \/><\/td>\n<td valign=\"center\">Ohtlike veoste 5 klass \u2013 oks\u00fcdeeruvad ained ja orgaanilised peroksiidid, mis on v\u00f5imelised kergesti eraldama hapnikku, toetama p\u00f5lemisprotsessi ning samuti v\u00f5ivad vastavates tingimustes v\u00f5i segus teiste ainetega s\u00fcttimise v\u00f5i plahvatuse.<\/td>\n<\/tr>\n<tr>\n<td valign=\"center\"><strong>6 klass<br \/>\n<\/strong><\/td>\n<td valign=\"center\" width=\"120\"><img loading=\"lazy\" decoding=\"async\" class=\"aligncenter\" src=\"\/wp-content\/uploads\/2018\/11\/x6.jpg\" alt=\"\" width=\"80\" height=\"80\" \/><\/td>\n<td valign=\"center\">Ohtlike veoste 6 klass \u2013 m\u00fcrgised ja nakkuslikud ained, mis on v\u00f5imelised esile kutsuma surma, m\u00fcrgituse v\u00f5i haiguse organismi sattumisel, kokkupuutel naha v\u00f5i limaskestaga.<\/td>\n<\/tr>\n<tr>\n<td valign=\"center\"><strong>7 klass<br \/>\n<\/strong><\/td>\n<td valign=\"center\" width=\"120\"><img loading=\"lazy\" decoding=\"async\" class=\"aligncenter\" src=\"\/wp-content\/uploads\/2018\/11\/x7.jpg\" alt=\"\" width=\"80\" height=\"80\" \/><\/td>\n<td valign=\"center\">Ohtlike veoste 7 klass \u2013 radioaktiivsed ained, eriaktiivsusega \u00fcle 70 kBk\/kg (2 nKi\/g).<\/td>\n<\/tr>\n<tr>\n<td valign=\"center\"><strong>8 klass<br \/>\n<\/strong><\/td>\n<td valign=\"center\" width=\"120\"><img loading=\"lazy\" decoding=\"async\" class=\"aligncenter\" src=\"\/wp-content\/uploads\/2018\/11\/x8.jpg\" alt=\"\" width=\"80\" height=\"80\" \/><\/td>\n<td valign=\"center\">Ohtlike veoste 8 klass \u2013 s\u00f6\u00f6bivad ja korrosioonilised ained, mis tekitavad naha, silmade limaskestade ja hingamisteede kahjustusi, samuti metallide korrosiooni ja transpordivahendite, konstruktsioonide v\u00f5i veoste kahjustusi. Samuti v\u00f5ivad need ained tekitada tulekahju orgaaniliste materjalide v\u00f5i m\u00f5ningate keemiliste ainete koosm\u00f5jul<\/td>\n<\/tr>\n<tr>\n<td valign=\"center\"><strong>9 klass<br \/>\n<\/strong><\/td>\n<td valign=\"center\" width=\"120\"><img loading=\"lazy\" decoding=\"async\" class=\"aligncenter\" src=\"\/wp-content\/uploads\/2018\/11\/x9.jpg\" alt=\"\" width=\"80\" height=\"80\" \/><\/td>\n<td valign=\"center\">Ohtlike veoste 9 klass \u2013 transportimisel, suhteliselt madala ohtlikkuse tasemega ained, mis ei kuulu \u00fchtegi eelnimetatud klassi, kuid mis n\u00f5uavad\u00a0 teatud eeskirjade j\u00e4rgimist nende transpordil ja ladustamisel.<\/td>\n<\/tr>\n<\/tbody>\n<\/table>\n<p>&nbsp;<\/p>\n<\/div><\/div><div id=\"panel-1071-0-0-2\" class=\"so-panel widget widget_black-studio-tinymce widget_black_studio_tinymce panel-last-child\" data-index=\"2\" ><h3 class=\"widget-title\"><span class=\"widget-title__inline\">OHTLIKE VEOSTE KLASSID<\/span><\/h3><div class=\"textwidget\"><table class=\"dangerous_table\" border=\"0\" cellspacing=\"0\" cellpadding=\"0\">\n<tbody>\n<tr>\n<td valign=\"center\" width=\"60\"><strong>1 klass<br \/>\n<\/strong><\/td>\n<td valign=\"center\" width=\"120\"><img loading=\"lazy\" decoding=\"async\" class=\"aligncenter\" src=\"\/wp-content\/uploads\/2018\/11\/x1.jpg\" alt=\"\" width=\"80\" height=\"80\" \/><\/td>\n<td valign=\"center\">Ohtlike veoste 1 klass -\u00a0 l\u00f5hkeained,\u00a0 mis oma omaduste poolest v\u00f5ivad plahvatada v\u00f5i tekitada plahvatusliku tulekahju ning samuti seadmed, mis sisaldavad l\u00f5hkeaineid ja l\u00f5hkevahendeid, mis on etten\u00e4htud p\u00fcrotehnilise efekti tootmiseks.<\/td>\n<\/tr>\n<tr>\n<td valign=\"center\"><strong>2 klass<br \/>\n<\/strong><\/td>\n<td valign=\"center\" width=\"120\"><img loading=\"lazy\" decoding=\"async\" class=\"aligncenter\" src=\"\/wp-content\/uploads\/2018\/11\/x2.jpg\" alt=\"\" width=\"80\" height=\"80\" \/><\/td>\n<td valign=\"center\">Ohtlike veoste 2 klass \u2013 surugaasid, gaasid, mis on vedeldatud jahutamise teel v\u00f5i lahustatud r\u00f5hu m\u00f5jul, mis vastavad kasv\u00f5i \u00fchele j\u00e4rgnevatest n\u00f5uetest.<\/td>\n<\/tr>\n<tr>\n<td valign=\"center\"><strong>3 klass<br \/>\n<\/strong><\/td>\n<td valign=\"center\" width=\"120\"><img loading=\"lazy\" decoding=\"async\" class=\"aligncenter\" src=\"\/wp-content\/uploads\/2018\/11\/x3.jpg\" alt=\"\" width=\"80\" height=\"80\" \/><\/td>\n<td valign=\"center\">Ohtlike veoste 3 klass \u2013 kergesti s\u00fcttivad vedelikud, vedeliku segud ning samuti vedelikud, mis sisaldavad tahkeid aineid lahustes v\u00f5i suspensioonides, mis eraldavad kergestis\u00fcttivaid aure, mille s\u00fcttimistemperatuur suletud tiiglis on 6\u00b0C ning sellest madalam.<\/td>\n<\/tr>\n<tr>\n<td valign=\"center\"><strong>4 klass<br \/>\n<\/strong><\/td>\n<td valign=\"center\" width=\"120\"><img loading=\"lazy\" decoding=\"async\" class=\"aligncenter\" src=\"\/wp-content\/uploads\/2018\/11\/x4.jpg\" alt=\"\" width=\"80\" height=\"80\" \/><\/td>\n<td valign=\"center\">Ohtlike veoste 4 klass \u2013 kergestis\u00fcttivad ained ja materjalid (peale nende, mis on klassifitseeritud, kui l\u00f5hkeained), mis on v\u00f5imelised kergesti s\u00fcttima transpordi ajal s\u00fcttimise v\u00e4listeguritest, nagu h\u00f5\u00f5rdumine, niiskuse imbumine, omavoliline keemiline muundumine ning samuti soojenemine.<\/td>\n<\/tr>\n<tr>\n<td valign=\"center\"><strong>5 klass<br \/>\n<\/strong><\/td>\n<td valign=\"center\" width=\"120\"><img loading=\"lazy\" decoding=\"async\" class=\"aligncenter\" src=\"\/wp-content\/uploads\/2018\/11\/x5.jpg\" alt=\"\" width=\"80\" height=\"80\" \/><\/td>\n<td valign=\"center\">Ohtlike veoste 5 klass \u2013 oks\u00fcdeeruvad ained ja orgaanilised peroksiidid, mis on v\u00f5imelised kergesti eraldama hapnikku, toetama p\u00f5lemisprotsessi ning samuti v\u00f5ivad vastavates tingimustes v\u00f5i segus teiste ainetega s\u00fcttimise v\u00f5i plahvatuse.<\/td>\n<\/tr>\n<tr>\n<td valign=\"center\"><strong>6 klass<br \/>\n<\/strong><\/td>\n<td valign=\"center\" width=\"120\"><img loading=\"lazy\" decoding=\"async\" class=\"aligncenter\" src=\"\/wp-content\/uploads\/2018\/11\/x6.jpg\" alt=\"\" width=\"80\" height=\"80\" \/><\/td>\n<td valign=\"center\">Ohtlike veoste 6 klass \u2013 m\u00fcrgised ja nakkuslikud ained, mis on v\u00f5imelised esile kutsuma surma, m\u00fcrgituse v\u00f5i haiguse organismi sattumisel, kokkupuutel naha v\u00f5i limaskestaga.<\/td>\n<\/tr>\n<tr>\n<td valign=\"center\"><strong>7 klass<br \/>\n<\/strong><\/td>\n<td valign=\"center\" width=\"120\"><img loading=\"lazy\" decoding=\"async\" class=\"aligncenter\" src=\"\/wp-content\/uploads\/2018\/11\/x7.jpg\" alt=\"\" width=\"80\" height=\"80\" \/><\/td>\n<td valign=\"center\">Ohtlike veoste 7 klass \u2013 radioaktiivsed ained, eriaktiivsusega \u00fcle 70 kBk\/kg (2 nKi\/g).<\/td>\n<\/tr>\n<tr>\n<td valign=\"center\"><strong>8 klass<br \/>\n<\/strong><\/td>\n<td valign=\"center\" width=\"120\"><img loading=\"lazy\" decoding=\"async\" class=\"aligncenter\" src=\"\/wp-content\/uploads\/2018\/11\/x8.jpg\" alt=\"\" width=\"80\" height=\"80\" \/><\/td>\n<td valign=\"center\">Ohtlike veoste 8 klass \u2013 s\u00f6\u00f6bivad ja korrosioonilised ained, mis tekitavad naha, silmade limaskestade ja hingamisteede kahjustusi, samuti metallide korrosiooni ja transpordivahendite, konstruktsioonide v\u00f5i veoste kahjustusi. Samuti v\u00f5ivad need ained tekitada tulekahju orgaaniliste materjalide v\u00f5i m\u00f5ningate keemiliste ainete koosm\u00f5jul<\/td>\n<\/tr>\n<tr>\n<td valign=\"center\"><strong>9 klass<br \/>\n<\/strong><\/td>\n<td valign=\"center\" width=\"120\"><img loading=\"lazy\" decoding=\"async\" class=\"aligncenter\" src=\"\/wp-content\/uploads\/2018\/11\/x9.jpg\" alt=\"\" width=\"80\" height=\"80\" \/><\/td>\n<td valign=\"center\">Ohtlike veoste 9 klass \u2013 transportimisel, suhteliselt madala ohtlikkuse tasemega ained, mis ei kuulu \u00fchtegi eelnimetatud klassi, kuid mis n\u00f5uavad\u00a0 teatud eeskirjade j\u00e4rgimist nende transpordil ja ladustamisel.<\/td>\n<\/tr>\n<\/tbody>\n<\/table>\n<p>&nbsp;<\/p>\n<\/div><\/div><\/div><\/div><\/div>","protected":false},"excerpt":{"rendered":"<p>\u00dcLDTUNTUD RAHVUSVAHELISED L\u00dcHENDIDErinevate sadamatevaheliste liinivedude p\u00f5hilised l\u00fchendid: FICY \u2013 Free in\/Container yard\u00a0(ilma pealelaadimiseta sadamas kuni konteineriterminalini); FILO \u2013 Free in\/Liner out (pealelaadimine saatja kulul , lossimine liini kulul); FIOS \/ FIFO \u2013 Free in\/out\u00a0(pealelaadimine ja lossimine saatja kulul); LI-Door \u2013 Liner in \/ Door\u00a0(pealelaadimine sadamas liini kulul- \u201cuks\u201d kliendi oma). LIFO \u2013 Liner in\/Free out\u00a0(pealelaadimine &hellip;<\/p>\n","protected":false},"author":1,"featured_media":0,"parent":1061,"menu_order":0,"comment_status":"closed","ping_status":"open","template":"","meta":{"footnotes":""},"_links":{"self":[{"href":"https:\/\/mallorygroup.ee\/et\/wp-json\/wp\/v2\/pages\/1071\/"}],"collection":[{"href":"https:\/\/mallorygroup.ee\/et\/wp-json\/wp\/v2\/pages\/"}],"about":[{"href":"https:\/\/mallorygroup.ee\/et\/wp-json\/wp\/v2\/types\/page\/"}],"author":[{"embeddable":true,"href":"https:\/\/mallorygroup.ee\/et\/wp-json\/wp\/v2\/users\/1\/"}],"replies":[{"embeddable":true,"href":"https:\/\/mallorygroup.ee\/et\/wp-json\/wp\/v2\/comments\/?post=1071"}],"version-history":[{"count":2,"href":"https:\/\/mallorygroup.ee\/et\/wp-json\/wp\/v2\/pages\/1071\/revisions\/"}],"predecessor-version":[{"id":1075,"href":"https:\/\/mallorygroup.ee\/et\/wp-json\/wp\/v2\/pages\/1071\/revisions\/1075\/"}],"up":[{"embeddable":true,"href":"https:\/\/mallorygroup.ee\/et\/wp-json\/wp\/v2\/pages\/1061\/"}],"wp:attachment":[{"href":"https:\/\/mallorygroup.ee\/et\/wp-json\/wp\/v2\/media\/?parent=1071"}],"curies":[{"name":"wp","href":"https:\/\/api.w.org\/{rel}","templated":true}]}}