{"id":1103,"date":"2015-04-23T12:39:15","date_gmt":"2015-04-23T12:39:15","guid":{"rendered":"http:\/\/mallory.web-design.ee\/about-company\/services\/"},"modified":"2024-03-07T15:05:10","modified_gmt":"2024-03-07T12:05:10","slug":"services","status":"publish","type":"page","link":"https:\/\/mallorygroup.ee\/et\/about-company\/services\/","title":{"rendered":"Teenused"},"content":{"rendered":"<div id=\"pl-1103\"  class=\"panel-layout\" ><div id=\"pg-1103-0\"  class=\"panel-grid panel-no-style\" ><div id=\"pgc-1103-0-0\"  class=\"panel-grid-cell\" ><div id=\"panel-1103-0-0-0\" class=\"so-panel widget widget_black-studio-tinymce widget_black_studio_tinymce panel-first-child\" data-index=\"0\" ><h3 class=\"widget-title\"><span class=\"widget-title__inline\">VEOSTE MERETRANSPORT<\/span><\/h3><div class=\"textwidget\"><p>Veoste kohaletoimetamine meretranspordi vahendusel erineb oma k\u00f5rge usaldusv\u00e4\u00e4rsuse poolest, suhteliselt v\u00e4ikese transporditasu juures. Statistika j\u00e4rgi on meretransport k\u00f5ige soodsam veoste kohaletoimetamisviis.<\/p>\n<p>Antud veoste transportimisviis on k\u00f5ige enam n\u00f5utud kontinentidevahelise suunaga mahukate veoste transportimisel.<\/p>\n<p>Sealjuures v\u00f5tab veoste kohaletoimetamine mere kaudu k\u00fcllaltki palju aega. N\u00e4iteks\u00a0 v\u00f5ib veose kohaletoimetamine Shanghai (Hiina) sadamast Muuga (Eesti) sadamasse v\u00f5tta umbes 35-45 p\u00e4eva. Pealegi kasutatakse meretransporti reeglina erinevate multimodaalsete skeemide koostises, kuna see ei taga veose kohaletoimetamist uksest ukseni.\u00a0 Kuid viimase 15 aasta jooksul on mere kaudu transporditavate veoste hulk k\u00f5ikumata kasvanud. Rahvusvaheliste standardite \u00fchtne s\u00fcsteem soodustab meretranspordi k\u00f5rget usaldusv\u00e4\u00e4rsust ja kvaliteeti.<\/p>\n<p>Erineva veev\u00e4ljasurvega kaasaaegsete laevade kasutamine annab v\u00f5imaluse v\u00e4hendada transpordikulusid mahukate veoste partiide kohaletoimetamisel. M\u00f5\u00f5duv\u00e4liste veoste transportimisel mere kaudu vabastab\u00a0 spetsiaalsete lahenduste tellimise vajadustest transportimise k\u00e4igus. Samuti on meretransport mugav veoste kohaletoimetamiseks.<\/p>\n<p>Merevedu konteinerites on k\u00f5ige efektiivsem, majanduslikult \u00f5igustatud ning mugavam viis pealelaadimiseks, mahalaadimiseks ning veose edasiseks transpordiks muu transpordi liigiga. M\u00f5ningatel juhtudel transporditavad konteinerid soojustatakse, veose s\u00e4ilimiseks. Ettev\u00f5tte\u00a0Mallory Group O\u00dc poolt osutavate transpordi -ja ekspedeerimisteenused mereveo korral on v\u00e4ga mitmekesised: veoste transport konteinerites, \u00fcksk\u00f5ik, mis m\u00f5\u00f5du, hulga ja kaaluga\u00a0 veoste kohaletoimetamine, m\u00f5\u00f5duv\u00e4lise v\u00f5i v\u00e4ga raske veose vedu.<\/p>\n<p>Veoste meretranspordi korral peab arvestama, et kohaletoimetamine peab olema usaldusv\u00e4\u00e4rne mitte ainult vahetult \u00fchest sadamast teise, vaid ka veose kohaletoimetamisel l\u00f5plikku sihtpunkti. V\u00e4ga t\u00e4htis on tollivormistus,\u00a0 selle saatmine, veose kindlustamine, veose j\u00e4lgimine ning\u00a0 informeerimine selle liikumise kohta jne. Me osutame veoste meretranspordi t\u00e4ieliku\u00a0 teenusespektri, kaasaarvatud laevade prahtimise.<\/p>\n<\/div><\/div><div id=\"panel-1103-0-0-1\" class=\"so-panel widget widget_black-studio-tinymce widget_black_studio_tinymce\" data-index=\"1\" ><h3 class=\"widget-title\"><span class=\"widget-title__inline\">VEOSTE RAUDTEETRANSPORT<\/span><\/h3><div class=\"textwidget\"><p>Raudteetransport muutub t\u00e4nap\u00e4eval \u00fcha levinumaks veoste kohaletoimetamise viisiks. Veoste raudteetransport m\u00e4ngib v\u00e4ga suurt rolli k\u00f5ikide infrastruktuuri harude arengus. Ettev\u00f5tted, kes kasutavad vedudeks raudteetransporti, s\u00e4\u00e4stavad oluliselt\u00a0\u00a0 veoste kohaletoimetamise pealt.<\/p>\n<p>K\u00f5ige suuremaks positiivseks omaduseks veoste transportimisel raudtee vahendusel on see, et veost saab toimetada praktiliselt igasse maailmapunkti, t\u00e4nu raudtee k\u00f5rgele arendatusele. Kusjuures on sellise veoviisi hind oluliselt madalam v\u00f5rreldes autotranspordiga.<\/p>\n<p>Raudteetranspordi kasutamisel on v\u00f5imalus konteineri valikuks, milles veos transporditakse.\u00a0 Konteineriteks v\u00f5ivad olla: kinnised poolvagunid, platvormid v\u00f5i tsisternid. Samuti on v\u00f5imalik valida spetsiaalne tsistern mis sobiks Teie veosele: jahu, piirituse, tsemendi v\u00f5i m\u00f5ne muu aine jaoks. Autode transportideks on olemas samuti spetsiaalsed platvormid. Transportida saab \u00fcksk\u00f5ik millist veost: vedelat v\u00f5i pudenevat. Samuti v\u00f5ib valikuliselt tellida ka konteinervedu. Konteinerveod on laialt levinud, kuna omab standartseid m\u00f5\u00f5te ning v\u00f5imaldab veoseid transportida mitte ainult raudtee vahendusel.<\/p>\n<p>Veoste raudteetranspordi maksumus on palju v\u00e4iksem, v\u00f5rreldes autotranspordiga.\u00a0 Samuti puudub sunnitud peatamiste risk erinevate teenistuste ja inspektsioonide poolt. Samuti on viidud miinimumini avariide ja rikete juhtumid.\u00a0 Kui Te tegelete metsa veoga, siis raudteetransport on Teie jaoks k\u00f5ige soodsam transportimise viis.<br \/>\nKuid raudteetransport on ebamugav selle poolest, et mitte k\u00f5ikides linnades on olemas raudteejaam. See on aga suureks omataoliseks probleemiks. Sellisel juhul tuleb kulutada lisaaega ja \u2013raha veose \u00fcmberlaadimiseks autodesse ning veose kohaletoimetamiseks sihtpunkti juba autode vahendusel. Veoste transport raudtee vahendusel v\u00f5ib olla raskendatud ka erinevate\u00a0\u00a0 \u00f5igussuhete t\u00f5ttu erinevates riikides.<\/p>\n<p>Veoste kohaletoimetamise tehnoloogiad v\u00f5ivad olla erinevad. See raskus lahendatakse tavaliselt ettev\u00f5tete poolt heade v\u00e4lismajanduslike suhete loomise teel. Samuti tuleb meeles pidada ka seda, et habraste veoste ning v\u00e4ikese s\u00e4ilivusajaga kaupade transport on raudtee vahendusel lihtsalt v\u00f5imatu. \u00a0Meie ettev\u00f5te Mallory Group teostab raudteevedu konteinerites Muuga (Eesti) sadamast SR\u00dc riikidesse.<br \/>\nVeoste transportimisel raudtee vahendusel meie ettev\u00f5ttes, arvestatakse alati tellija k\u00f5ikide n\u00f5uete ja soovidega. Me t\u00f6\u00f6tame v\u00e4lja individuaalse skeemi iga transportimise jaoks, j\u00e4ttes sellisel moel v\u00e4lja meie klientide \u00fcleliigset aja- ja rahakulu.<\/p>\n<\/div><\/div><div id=\"panel-1103-0-0-2\" class=\"so-panel widget widget_black-studio-tinymce widget_black_studio_tinymce\" data-index=\"2\" ><h3 class=\"widget-title\"><span class=\"widget-title__inline\">VEOSTE MITMELIIGILINE TRANSPORT<\/span><\/h3><div class=\"textwidget\"><p>Iga p\u00e4ev puutuvad nii suurtootjad, v\u00e4ikeettev\u00f5tjad, kui ka eraisikud kokku veose transportimise vajadusega. Transpordifirmad,\u00a0 kliendi taotlust l\u00e4bi vaadates, arvestab iga veo spetsiifikaga, valides maksimaalselt efektiivse kohaletoimetamise viisi. V\u00e4ga tihti saab majanduslikku kasu saavutada ainult erinevate transpordiliikide kombineerimisel. Antud kohaletoimetamise viisi nimetatakse mitmeliigiliseks.<\/p>\n<p>Mitmeliigiliste vedude organiseerimisel kasutatakse raudtee-, lennu-, vee- ja autotransporti. Reeglina ei tule veoste kohaletoimetamine erinevate transpordiliikidega toime ilma autotranspordita.\u00a0 See ons seotud vajadusega toimetada veos raudtee- , lennujaama v\u00f5i meresadamasse.\u00a0 Peale selle on tihtipeale palju tulusam on \u00fchel teeotsal transportida veos meretranspordiga, teisel teeotsal aga raudteetranspordiga,\u00a0 kuid igal juhul ei saada hakkama ilma autotranspordita.<\/p>\n<p>Mitmeliigilised veod peavad olema vormistatud \u00fche dokumendina, kus on etten\u00e4htud kohaletoimetamine valitud transpordiliikidega. Tuleb m\u00e4rkida, et saatedokumentide asjalik ettevalmistus on \u00fcks mitmeliigilise vedude \u00fcks raskemaid osi. Antud kohustuse v\u00f5tavad enda peale kohaletoimetamise operaatorid,\u00a0 kes tegelevad mitmeliigilise veo korraldamisega.<\/p>\n<p>Kogu kohaletoimetamisprotsessi usaldusv\u00e4\u00e4rsuse tagamiseks tuleb mitmeliigilist vedu v\u00f5tta kui \u00fchtset veoviisi, mille eest vastutab \u00fcks transpordiettev\u00f5te. Vedaja ei v\u00f5ta enda peale vastutust \u00fcksnes\u00a0 veo organisatsiooni eest, vaid ka k\u00f5ikide kaasnevate protsesside l\u00e4biviimise eest, sealhulgas veose peale- ja mahalaadimist\u00f6\u00f6d marsruudi algus-ja l\u00f5pp-punktis ning samuti veose laadimist\u00f6\u00f6d \u00fcleminekul \u00fchelt transpordiliigilt teisele. Seet\u00f5ttu kasutatakse mitmeliigilise transpordi korral tihtipeale konteinereid, mis mitte ainult ei lihtsusta mahalaadimist\u00f6id, vaid tagavad ka veose turvalisuse.<\/p>\n<p>Mitmeliigiline veoviis on v\u00e4ga n\u00f5utud veose kohaletoimetamise viis.\u00a0 Kombineeritud transpordiviis erineb marsruudi valiku paindlikkusega. Erinevate kohaletoimetamisviiside kasutamine lubab oluliselt v\u00e4hendada veo aega ja maksumuse. Iga teel\u00f5ik, kasutades erinevat liiki transporti, t\u00f6\u00f6deldakse logistikam\u00e4ned\u017eeri poolt hoolikalt l\u00e4bi.\u00a0 Veose mitmeliigilise transpordi organiseerimisel kasutatakse individuaalset l\u00e4henemist.<\/p>\n<p>Mitmeliigiline veoviis annab v\u00f5imaluse t\u00f6\u00f6tada v\u00e4lja selline veoskeem, mis sobib konkreetselt Teile. Me transpordime absoluutselt \u00fcksk\u00f5ik millist veost \u00fcksk\u00f5ik miliilisesse maailmapunkti, t\u00e4ites seejuures t\u00e4htaja ja majanduslike kulude n\u00f5udmisi.<\/p>\n<p>Kiiret ja kvaliteetset mitmeliigilist vedu, lubab Mallory Group-le teostada kauaaegsed partnersidemed suurimate lennu-, mere-, raudtee ja autovedajatega. Meie ettev\u00f5te pakub\u00a0 k\u00f5ige soodsama kombinatsiooni erinevatest transpordiliikidest ning samuti t\u00e4ieliku teenuste kompleksit veose rahvusvahelise veo alal ( abi vajalikke dokumentide vormistamisel, veose kindlustamisel jne.).<\/p>\n<\/div><\/div><div id=\"panel-1103-0-0-3\" class=\"so-panel widget widget_black-studio-tinymce widget_black_studio_tinymce\" data-index=\"3\" ><h3 class=\"widget-title\"><span class=\"widget-title__inline\">VEOSTE KINDLUSTAMINE<\/span><\/h3><div class=\"textwidget\"><p>Veoste transportimisel, eriti rahvusvahelise veo ja osakoormate puhul on alati kauba kadumise v\u00f5i kahjustamise risk. Seet\u00f5ttu on kindlustamine v\u00e4ga t\u00e4htis, kui v\u00f5imaliku kahju ennetamise viis.<\/p>\n<p>Muidugi v\u00f5ib veose kindlustuse pealt alati kokku hoida, kuid see ei ole k\u00f5ige m\u00f5istlikum otsus. Sest Te tasute v\u00e4ikese summa, kuid kulude katmine koorma kahjustuse korral on palju suurem summa.<\/p>\n<p>Me suhtume t\u00f5siselt oma kohustustesse veoste kohaletoimetamise kohapealt, seet\u00f5ttu oleme valmis pakkuma abi koormate kindlustamisel j\u00e4rgmiste skeemide j\u00e4rgi:<\/p>\n<p><strong>K\u00f5ikide riskide eest vastutamisega.<\/strong><br \/>\nSeda skeemi iseloomustab auto-, lennu-, raudtee- ja meretranspordi vahenduselt veetava koorma k\u00f5ige t\u00e4ielikum kaitse.<br \/>\nAntud kindlustusskeemi j\u00e4rgi h\u00fcvitatakse kahju osakoorma osalise v\u00f5i t\u00e4ies mahus tekitatud kahjustuse v\u00f5i t\u00e4ieliku hukkumise korral, mille p\u00f5hjuseks on:<\/p>\n<ul>\n<li>tuli, \u00e4ike, torm, maav\u00e4rin, \u00fcleujutus ja teised loodus\u00f5nnetused;<\/li>\n<li>transpordivahendi avarii, transpordivahendite kokkup\u00f5rge;<\/li>\n<li>plahvatus, koorma kohale mitte toimetamine v\u00f5i koorma kadumine;<\/li>\n<li>kolmandate isikute ebaseaduslik tegutsemine, sealhulgas ka koorma r\u00f6\u00f6vimine.<\/li>\n<\/ul>\n<p><strong>Vastutusega \u00fcksikavarii eest.<\/strong><br \/>\nAntud kindlustusskeemi j\u00e4rgi, h\u00fcvitatakse kulud veose kahjustuse v\u00f5i t\u00e4ielikku hukkumise korral osa v\u00f5i kogu veose ulatuses laeva teadmata kadumise korral, kahju, kulud ja tasud \u00fcldise avarii korral, koorma p\u00e4\u00e4stmiseks vajalike ja sihip\u00e4raste kulude ning kahju v\u00e4hendamise ja selle m\u00e4\u00e4ramise korral, kui kahju h\u00fcvitatakse kindlustustingimuste j\u00e4rgselt.<\/p>\n<p><strong>Ilma vastutuseta kahjustuste eest, v\u00e4lja arvatud hukkumise korral.<\/strong><br \/>\nAntud kindlustusskeem on sarnane eelmisega, selle erinevusega, et h\u00fcvitamisele kuulub transporditava kogu v\u00f5i osa koormast h\u00e4vimise korral tekkinud kahju, koorma\u00a0 kahjustusest tulenevad kahjud h\u00fcvitatakse vaid laevade hukkumise, kokkup\u00f5rge, varisemise, madalikule sattumise, laeval tekkinud tulekahju v\u00f5i plahvatuse korral.<\/p>\n<p>Kindlustuslepingu j\u00e4rgselt v\u00f5ivad koormad, mis transporditakse auto-, mere-, v\u00f5i raudteetranspordiga rahvusvahelistel vedudel, olla kindlustatud olenemata t\u00fc\u00fcbist \u2013 \u00fcksikpakitud, vedelad, pudenevad, osakoormad, konteinerites ja lahtistel platvormidel transporditavad veosed.<\/p>\n<p>Tellija soovil v\u00f5ib v\u00f5imalike riskide loetelu olla laiendatud.<br \/>\nP\u00f6\u00f6rdumisel meie ettev\u00f5ttesse\u00a0Mallory Group saate Te konsultatsiooni kindlustustoote valikus, mis vastaks k\u00f5ige paremini Teie vajadustele transporditavate veoste suhtes.<\/p>\n<\/div><\/div><div id=\"panel-1103-0-0-4\" class=\"so-panel widget widget_black-studio-tinymce widget_black_studio_tinymce\" data-index=\"4\" ><h3 class=\"widget-title\"><span class=\"widget-title__inline\">LAOTEENUSED<\/span><\/h3><div class=\"textwidget\"><p>Ettev\u00f5tted, mis tegelevad oma kaupade transpordiga m\u00f6\u00f6da Euroopat ja maailma, tunnevad sageli vajadust soodsates asukohtades asuvate laoruumide rentimise j\u00e4rgi. Ettev\u00f5te\u00a0Mallory Group on valmis vabastama Teid liigsetest muredest ning pakkuda Teile rendile v\u00f5tmiseks laopindu, mis meeldivalt \u00fcllatavad Teid oma v\u00f5imaluste poolest.<\/p>\n<p>Teie k\u00e4sutusse antakse mitte lihtsalt tavaline ladu Euroopa, vaid\u00a0 t\u00e4isv\u00e4\u00e4riline tolliladu Tallinnas rohkete lisateenuste v\u00f5imalusega.<br \/>\nTeie korraldusel v\u00f5ime me iseseisvalt teostada Teie veose tollivormistus Eesti sadamates, selle edasise transportimisega lattu. Antud teenus on ettev\u00f5tte\u00a0Mallory Group tegevuse lahutamatu osa, kuna annab v\u00f5imaluse teostada palju kiiremaid ja kvaliteetsemaid veoteenuseid ning \u00fcheaegselt v\u00f5imaldab meil pakkuda liusateenuseid meie klientidele.<\/p>\n<p>Veoste ladustamise ja laos t\u00f6\u00f6tlemise teenused sisaldavad t\u00e4nap\u00e4eval endas selliseid lisav\u00f5imalusi nagu, veoste vastutav hoiustamine, t\u00f6\u00f6tlemine ja ettevalmistamine edasiseks transportimiseks, konsolidatsioon ja \u00f5igeaegne kohaletoimetamine l\u00f5pptarbijateni.<\/p>\n<p>Kaasaegsed laokompleksid v\u00f5imaldavad t\u00e4nap\u00e4eval osutada klientidele t\u00e4ielikku teenuste kompleksi laoterminalide funktsioneerimise ja kaubavoogude t\u00f6\u00f6tlemise alal, tellija minimaalsete kuludega. Sellised laoruumid on varustatud peale- ja allalaadimistehnika ja \u2013seadmetega,automatiseeritud arvelev\u00f5tmise s\u00fcsteemiga ning v\u00f5imalustega vajaliku temperatuurire\u017eiimi j\u00e4rgimiseks, eriliigiliste veoste hoidmiseks ja t\u00f6\u00f6tlemiseks. Oma igap\u00e4evat\u00f6\u00f6s kasutab ettev\u00f5te\u00a0Mallory Group kaasaegseid laokomplekse. T\u00e4nu uusimate lao automatiseerimise tehnoloogiate kasutuselev\u00f5tmisele tagatakse peale k\u00f5ike muu, veoste hoiustamisega seotud kulude v\u00e4henemine, suureneb t\u00f6\u00f6 kiirus ja korrektsus.<\/p>\n<p>Veoste ladustamis- ja t\u00f6\u00f6tlemisteenused on \u00e4\u00e4retult mugavad tollikontrolli l\u00e4bimisel, erinevate sertifikaatide vormistamisel v\u00f5i veoste vastava t\u00f6\u00f6tluse organiseerimisel, tagamaks veose transporti edasisel marsruudil. Taoliste teenuste kasutamine v\u00f5imaldab ettev\u00f5ttel v\u00e4hendada omaenda laohoonete ning lao- ja logistikaprotsesse tagavate spetsialistide \u00fclalpidamiskulusid, tulemusena saab ettev\u00f5te kokkuhoitud ressursse ja vahendeid kasutada profiilse \u00e4ri arendamiseks.<\/p>\n<p>Veoste ladustamise ja laos t\u00f6\u00f6tlemise teenuse raames on meie ettev\u00f5te valmis pakkuma Teile terve rida kaasnevaid teenuseid:<\/p>\n<ul>\n<li>Veoste ladustamine ning hoiustamine laos erinevatel re\u017eiimidel;<\/li>\n<li>Veose t\u00e4ielikku korrasoleku tagamine laopindadel;<\/li>\n<li>Veoste konsolideerimine ja teio<\/li>\n<li>llimuste komplekteerimine;<\/li>\n<li>Veoste t\u00f6\u00f6tlemine, pakkimine ja m\u00e4rgistamine;<\/li>\n<li>Veoste ettevalmistamine transpordiks;<\/li>\n<li>Peale- ja allalaadimist\u00f6\u00f6de organiseerimine;<\/li>\n<li>Abi vajalike lubavate dokumentideettevalmistamisel ja vormistamisel, senikaua, kuni veos hoiustatakse laos. Ning palju muud.<\/li>\n<\/ul>\n<p>Veoste t\u00f6\u00f6tlemise ja hoiustamise teenused ettev\u00f5ttelt\u00a0Mallory Group on suunatud veoste transpordi t\u00f5husale juhtimisele ning transpordi- ja ladustamise kulutuste v\u00e4hendamisele.<\/p>\n<\/div><\/div><div id=\"panel-1103-0-0-5\" class=\"so-panel widget widget_black-studio-tinymce widget_black_studio_tinymce\" data-index=\"5\" ><h3 class=\"widget-title\"><span class=\"widget-title__inline\">VEOSTE TOLLIVORMISTUS<\/span><\/h3><div class=\"textwidget\"><p>Iga rahvusvahelise transpordi kohustuslikuks osaks on veoste tollivormistus. Sellest, kui kvaliteetselt ja kiirelt on teostatud tollivormistus, s\u00f5ltub veoste kohaletoimetamise kiirus ja usaldusv\u00e4\u00e4rsus. Kiire ja kvaliteetne tollivormistus minimaalsete kuludega tellija jaoks, n\u00f5uab erinevate maade tollieeskirjade t\u00f5siseid teadmisi, transpordiettev\u00f5tte spetsialistide efektiivset\u00a0\u00a0 koost\u00f6\u00f6d tolliametiga ning individuaalset l\u00e4henemist iga eraldi veose jaoks dokumentide vormistamisel.<\/p>\n<p>Tollivormistuse \u00fcheks peamiseks komponendiks on niinimetatud tollipuhastus. See on tollivormistuse ja tollimaksude alaste tegevuste kogum, veoste transportimisel ja transpordivahendite liikumisel \u00fcle tollipiiri. \u201ePuhastus\u201c tollialastest formaalsustest seisneb\u00a0 k\u00f5ikide tollieeskirjade poolt etten\u00e4htud n\u00f5uete t\u00e4itmises veose riiki\/riigist v\u00e4lja sisseveo\/v\u00e4ljaveo suhtes. Vajadus tollipuhastuse j\u00e4rgi tekib iga kord, kui rahvusvahelise veo k\u00e4igus transporditakse kaup \u00fcle tollipiiri.<\/p>\n<p>Meie ettev\u00f5te\u00a0Mallory Group on meeleldi valmis osutama oma klientidele\u00a0 veoste tollipuhastuse t\u00f5rgeteta l\u00e4bimise ning tollieeskirjade n\u00f5uetele vastavate dokumentide esitamise teenuseid.\u00a0 Tollipuhastuse operatiivsus saavutatakse t\u00e4nu meie k\u00f5rgelt kvalifitseeritud spetsialistide\u00a0 tihedale koost\u00f6\u00f6le tolliametiga.<\/p>\n<p>Mallory Group\u00a0poolt osutavate veoste tollivormistusteenuste nimekirja kuuluvad:<\/p>\n<ul>\n<li>Professionaalne kaasabi tolliameti poolt n\u00f5utavate dokumentide ettevalmistamisel;<\/li>\n<li>Spetsialistide konsultatsioonid k\u00f5ikidel teemak\u00fcsimustel, mis on seotud tollieeskirjadega v\u00f5i v\u00e4lismajandusliku tegevusega;<\/li>\n<li>Tolli-ja transpordidokumentide vormistamise teenus;<\/li>\n<li>Veoste tollipuhastuse protseduuri optimeerimine;<\/li>\n<li>Kaubakoodide m\u00e4\u00e4ramine ja tollimaksude kiire arvutus;<\/li>\n<li>Imporditava\/eksporditava kauba tollivormistus SR\u00dc tolliametites;<\/li>\n<li>Abi v\u00e4liskaubanduslepingute, tehingupasside, arvete ja spetsifikatsioonide\u00a0 ettevalmistamisel ja s\u00f5lmimisel.<\/li>\n<\/ul>\n<p>Seega on ettev\u00f5tte\u00a0Mallory Group kogenenud spetsialistid, kes omavad suurt kogemust veoste rahvusvahelise transpordi ja kaupade tollivormistuse alal, valmis aitama Teid veetavate kaupade kiires ja \u00f5igeaegses tollipuhastamises. Koormate kvaliteetsed ja usaldusv\u00e4\u00e4rsed tollivormistusteenused, mis p\u00f5hinevad erinevate riikide tollieeskirjade peensuste v\u00e4ga heal tundmisel, v\u00f5imaldavad kindlustada ettev\u00f5tte\u00a0Mallory Group klientidele nende kaupade kiiret kohaletoimetamist vahetult saaja k\u00e4tte.<\/p>\n<\/div><\/div><div id=\"panel-1103-0-0-6\" class=\"so-panel widget widget_black-studio-tinymce widget_black_studio_tinymce\" data-index=\"6\" ><h3 class=\"widget-title\"><span class=\"widget-title__inline\">VEOSTE SERTIFITSEERIMINE<\/span><\/h3><div class=\"textwidget\"><p>Sertifitseerimine on kolmanda osapoole tegevus, mis on s\u00f5ltumatu nii tootjast (m\u00fc\u00fcjast), kui ka toote tarbijast, toote vastavuse kinnitamise kohta kehtestatud n\u00f5uetele.\u00a0\u00a0 Turumajanduse tingimustes on sertifikatsioon t\u00f5husaks instrumendiks, mis v\u00f5imaldab garanteerida toote vastavuse vajalikele ohutus- ja kvaliteedi n\u00f5uetele.<\/p>\n<p>Koosk\u00f5las SR\u00dc seadusandlusega on kinnitatud toodete nimekiri, mille jaoks on n\u00f5utud kohustusliku sertifikatsiooni l\u00e4bimise t\u00f5end kauba v\u00e4ljalaskmisel tollialale. Seega on terve rida SR\u00dc alale veetavate kaupade nimetusi, mis kuuluvad kohustuslikkus korras sertifikatsioonile. Kaupade v\u00e4ljaveol SR\u00dc-st muudesse riikidesse, v\u00f5ib samuti olla vajalik toodete sertifikatsioon rahvusvaheliste standardite j\u00e4rgi.<\/p>\n<p>Meie ettev\u00f5te pakub Teile tervet teenuste spektrit vajalike sertifikaatide ja registratsiooniliste j\u00e4relduste\u00a0 vormistamiseks. T\u00e4nu sellele, v\u00f5ite Te oluliselt s\u00e4\u00e4sta oma aega ja vahendeid teostades kauba vedu l\u00e4bi SR\u00dc tolliterminalide. Ettev\u00f5tte Mallory Group spetsialistid v\u00f5tavad enda peale k\u00f5ik kohustused vastavate sertifikaatide, j\u00e4relduste ja muude vajalike dokumentide saamiseks ja \u00fcleandmiseks SR\u00dc tolliametile.<\/p>\n<\/div><\/div><div id=\"panel-1103-0-0-7\" class=\"so-panel widget widget_black-studio-tinymce widget_black_studio_tinymce panel-last-child\" data-index=\"7\" ><h3 class=\"widget-title\"><span class=\"widget-title__inline\">KONSULTATSIOONITEENUSED<\/span><\/h3><div class=\"textwidget\"><p>Veoste transpordil Euroopast SR\u00dc riikidesse peab arvestama transpordi, ladustamise\u00a0 ja tollivormistuse paljude \u00fcksikasjadega. Ettev\u00f5tte jaoks, kes pole kunagi varem kokku puutunud kauba importiga, v\u00f5ib see osutuda t\u00f5siseks probleemiks. Tekib palju k\u00fcsimusi, mis on seotud transpordi ja tollivormistusega, sisseveo loaga, sertifikaatide ja muude tolli \u00fcletamist lubavate dokumentiga.<\/p>\n<p>K\u00f5ige m\u00f5istlikumaks lahenduseks on p\u00f6\u00f6rduda pettev\u00f5tte poole, kes tegeleb veoste rahvusvahelise transpordiga proffesionaalsel tasemel ning kes osutab t\u00e4ieliku tollivormistusteenuste spektrit.<\/p>\n<p>Kui Te ikkagi otsustasite teostada veose transport iseseisvalt, siis oleks k\u00f5ige m\u00f5istlikum saada konsultatsioon ja dokumentaalne tugi spetsialistide k\u00e4est, pikaajalise kogemusega rahvusvaheliste vedude alal, kui et p\u00fc\u00fcda ette valmistada vajalikud dokumendid iseseisvalt, riskides teha viga ning kaotada lisaaega.\u00a0 Tollidokumentide erip\u00e4ra seisneb selle, et isegi v\u00e4ikse ebat\u00e4psuse olemasolul, ei lasta veos riigi territooriumile ebat\u00e4psuse t\u00f5ttu, mis toob endaga kaasa kauba seisaku, millest omakorda kujuneb v\u00e4lja suured trahvisummad ja tarnet\u00e4htaegadest mitte kinni pidamine. Sellisel juhul v\u00f5ivad meie ettev\u00f5tte spetsialistid osutada Teile konsultatsiooniteenuseid ning samuti valmistada ette tollivormistuse jaoks vajalikke dokumente kiiresti, kvaliteetselt ning t\u00e4htajaliselt.<\/p>\n<p>Ettev\u00f5te\u00a0Mallory Group osutab j\u00e4rgmisi konsultatsiooniteenuseid rahvusvaheliste vedude\u00a0 ja tollivormistuse alal:<\/p>\n<ul>\n<li>Optimaalse marsruudi arvutus auto-, lennu-, mere ja mitmeliigilise transpordi puhul. Veoste kohaletoimetamise saatja ladudest Euroopas, USAs ning Aasiast saaja ukseni maksumuse ja t\u00e4htaja arvutus. Samuti veel arvutame v\u00e4lja laoteenuste ja tollivormistuse maksumuse. Kui Te transpordite veost iseseisvalt, soovitame me Teile parima marsruudi ja veoviisi.<\/li>\n<li>Saatedokumentide, ohutuslehtede, p\u00e4ringute, l\u00e4bir\u00e4\u00e4kimiste t\u00f5lge ning asjalik kirjavahetus partneritega nende keeles. Meie spetsialistid mitte ainult ei valda mitmeid v\u00f5\u00f5rkeeli, vaid on p\u00e4devad ka temaatilises s\u00f5navaras, mis on \u00e4\u00e4rmiselt t\u00e4htis muukeelse dokumentatsiooni t\u00f5lkimisel ja edukate l\u00e4bir\u00e4\u00e4kimiste l\u00e4biviimiseks v\u00e4lismaapartneritega.<\/li>\n<li>Abi sertifikaatide saamisel. Me saame vormistada vajalikku t\u00fc\u00fcpi sertifikaadi Teie toodangule, arvestades tolliameti k\u00f5iki n\u00f5udmisi.<\/li>\n<li>Kauba intellektuaalomandi ja piirangute kontroll ning sertifikaatide vormistamise vajalikkuse kontroll. Kui Te pole kindlad, kas antud veos on lubatud transpordiks SR\u00dc territooriumile, saame me v\u00e4ljastada t\u00e4pse informatsiooni selle kohta.<\/li>\n<li>Kauba klassifikatsioon v\u00e4lismajandustegevuse kaubanomenklatuuri j\u00e4rgi on vajalik toiming veoste tollipuhastuse l\u00e4bimiseks vajalike dokumentide ja sertifikaatide ettevalmistamisel.<\/li>\n<li>Tollimaksude arvutus, spetsifikatsioonide koostamine tolliameti jaoks. Kui Te transpordite veost iseseisvalt ning pole tuttavad veose tollivormistuse protseduuriga, aitab meie ettev\u00f5tte Teid tolli edukaks l\u00e4bimiseks.<\/li>\n<li>Konsulteerimine veoste transportimise kohta Euroopa Liidus.<\/li>\n<li>Konsulteerimine veoste kindlustamise, kindlustusliikide ja \u2013viiside k\u00fcsimustes rahvusvahelisel transpordil. Meie spetsialistid \u00fctlevad, kas veose kindlustamine omab m\u00f5tet just Teie olukorras ning millised riskid on k\u00f5ige t\u00f5en\u00e4osemad veoste transportimisel.<\/li>\n<\/ul>\n<\/div><\/div><\/div><\/div><\/div>","protected":false},"excerpt":{"rendered":"<p>VEOSTE MERETRANSPORTVeoste kohaletoimetamine meretranspordi vahendusel erineb oma k\u00f5rge usaldusv\u00e4\u00e4rsuse poolest, suhteliselt v\u00e4ikese transporditasu juures. Statistika j\u00e4rgi on meretransport k\u00f5ige soodsam veoste kohaletoimetamisviis. Antud veoste transportimisviis on k\u00f5ige enam n\u00f5utud kontinentidevahelise suunaga mahukate veoste transportimisel. Sealjuures v\u00f5tab veoste kohaletoimetamine mere kaudu k\u00fcllaltki palju aega. N\u00e4iteks\u00a0 v\u00f5ib veose kohaletoimetamine Shanghai (Hiina) sadamast Muuga (Eesti) sadamasse v\u00f5tta umbes &hellip;<\/p>\n","protected":false},"author":1,"featured_media":584,"parent":1061,"menu_order":0,"comment_status":"closed","ping_status":"open","template":"","meta":{"footnotes":""},"_links":{"self":[{"href":"https:\/\/mallorygroup.ee\/et\/wp-json\/wp\/v2\/pages\/1103\/"}],"collection":[{"href":"https:\/\/mallorygroup.ee\/et\/wp-json\/wp\/v2\/pages\/"}],"about":[{"href":"https:\/\/mallorygroup.ee\/et\/wp-json\/wp\/v2\/types\/page\/"}],"author":[{"embeddable":true,"href":"https:\/\/mallorygroup.ee\/et\/wp-json\/wp\/v2\/users\/1\/"}],"replies":[{"embeddable":true,"href":"https:\/\/mallorygroup.ee\/et\/wp-json\/wp\/v2\/comments\/?post=1103"}],"version-history":[{"count":3,"href":"https:\/\/mallorygroup.ee\/et\/wp-json\/wp\/v2\/pages\/1103\/revisions\/"}],"predecessor-version":[{"id":1831,"href":"https:\/\/mallorygroup.ee\/et\/wp-json\/wp\/v2\/pages\/1103\/revisions\/1831\/"}],"up":[{"embeddable":true,"href":"https:\/\/mallorygroup.ee\/et\/wp-json\/wp\/v2\/pages\/1061\/"}],"wp:featuredmedia":[{"embeddable":true,"href":"https:\/\/mallorygroup.ee\/et\/wp-json\/wp\/v2\/media\/584\/"}],"wp:attachment":[{"href":"https:\/\/mallorygroup.ee\/et\/wp-json\/wp\/v2\/media\/?parent=1103"}],"curies":[{"name":"wp","href":"https:\/\/api.w.org\/{rel}","templated":true}]}}