{"id":1285,"date":"2018-11-13T18:26:19","date_gmt":"2018-11-13T15:26:19","guid":{"rendered":"http:\/\/mallory.web-design.ee\/mallory-auto\/about-company\/"},"modified":"2018-11-13T18:48:11","modified_gmt":"2018-11-13T15:48:11","slug":"about-company","status":"publish","type":"page","link":"https:\/\/mallorygroup.ee\/et\/mallory-auto\/about-company\/","title":{"rendered":"Firmast"},"content":{"rendered":"<div id=\"pl-1285\"  class=\"panel-layout\" ><div id=\"pg-1285-0\"  class=\"panel-grid panel-no-style\" ><div id=\"pgc-1285-0-0\"  class=\"panel-grid-cell\" ><div id=\"panel-1285-0-0-0\" class=\"so-panel widget widget_black-studio-tinymce widget_black_studio_tinymce panel-first-child panel-last-child\" data-index=\"0\" ><div class=\"textwidget\"><p>Kui teil on vaja tarnida oma laadungit v\u00f5imalikult kiiresti, kui te otsite t\u00f6\u00f6v\u00f5tjat, kes osutaks k\u00f5iki transpordi- ja ekspedeerimisteenuseid rahvusvahelisel tasemel, siis on teie teenistuses Mallory Auto O\u00dc rahvusvaheliste vedude veokid.<\/p>\n<p>Meie ettev\u00f5tte on kaubaveo valdkonnas edukalt t\u00f6\u00f6tanud mitu aastat. Vaatamata mitte v\u00e4ga pikale tegutsemisajale, oleme suutnud edukalt ja operatiivselt lahendada meie ette seatud \u00fclesanded, millega oleme \u00e4ra teeninud oma \u00e4ripartnerite lugupidamise.<\/p>\n<p>Mallory Auto O\u00dc areneb praegusel ajal d\u00fcnaamiliselt: laienemas on kliendibaas, suurenemas noor ja perspektiivikas personal. Meie eesm\u00e4rk on mitte peatuda saavutatul, vaid areneda koos oma partneritega.<\/p>\n<p>Oma arengu algetapil puudus meie ettev\u00f5ttel autopark ja teenuseid osutati renditud s\u00f5idukite abil. Kuid juba ... aastal lubas ettev\u00f5tte k\u00e4ibe stabiilne kasv luua oma autopargi, millesse kuuluvad ...<\/p>\n<p>Meie ettev\u00f5tte tegevuse printsiibid on usaldusv\u00e4\u00e4rsus ja vastutustunne, olgu see kaupade tarnimisel \u00fcle Euroopa, kontinentidevahelistel vedudel v\u00f5i lao- ja tolliteenuste osutamisel.<\/p>\n<p><strong>Miks Mallory Auto O\u00dc?<\/strong><\/p>\n<ul>\n<li>Meie ettev\u00f5tte spetsialistid n\u00f5ustavad teid vedude organiseerimise k\u00fcsimustes, aitavad valida transpordi t\u00fc\u00fcbi ja leida optimaalse marsruudi.<\/li>\n<li>Teenuste stabiilne kvaliteet \u2013 laadungite \u00f5igeaegne ja t\u00e4pne kohaletoimetamine, teostatud vedude dokumentatsiooni t\u00e4iskomplekt.<\/li>\n<li>Klientide ja vedajate vastastikuse koost\u00f6\u00f6 h\u00e4stikorraldatud s\u00fcsteem.<\/li>\n<li>Oleme avatud igasugusele koost\u00f6\u00f6le, mis p\u00f5hineb vastastikusel austusel ja usaldusel.<\/li>\n<\/ul>\n<\/div><\/div><\/div><\/div><\/div>","protected":false},"excerpt":{"rendered":"<p>Kui teil on vaja tarnida oma laadungit v\u00f5imalikult kiiresti, kui te otsite t\u00f6\u00f6v\u00f5tjat, kes osutaks k\u00f5iki transpordi- ja ekspedeerimisteenuseid rahvusvahelisel tasemel, siis on teie teenistuses Mallory Auto O\u00dc rahvusvaheliste vedude veokid. Meie ettev\u00f5tte on kaubaveo valdkonnas edukalt t\u00f6\u00f6tanud mitu aastat. Vaatamata mitte v\u00e4ga pikale tegutsemisajale, oleme suutnud edukalt ja operatiivselt lahendada meie ette seatud \u00fclesanded, &hellip;<\/p>\n","protected":false},"author":1,"featured_media":0,"parent":1273,"menu_order":0,"comment_status":"closed","ping_status":"open","template":"template-page-mallory-auto.php","meta":{"footnotes":""},"_links":{"self":[{"href":"https:\/\/mallorygroup.ee\/et\/wp-json\/wp\/v2\/pages\/1285\/"}],"collection":[{"href":"https:\/\/mallorygroup.ee\/et\/wp-json\/wp\/v2\/pages\/"}],"about":[{"href":"https:\/\/mallorygroup.ee\/et\/wp-json\/wp\/v2\/types\/page\/"}],"author":[{"embeddable":true,"href":"https:\/\/mallorygroup.ee\/et\/wp-json\/wp\/v2\/users\/1\/"}],"replies":[{"embeddable":true,"href":"https:\/\/mallorygroup.ee\/et\/wp-json\/wp\/v2\/comments\/?post=1285"}],"version-history":[{"count":1,"href":"https:\/\/mallorygroup.ee\/et\/wp-json\/wp\/v2\/pages\/1285\/revisions\/"}],"predecessor-version":[{"id":1286,"href":"https:\/\/mallorygroup.ee\/et\/wp-json\/wp\/v2\/pages\/1285\/revisions\/1286\/"}],"up":[{"embeddable":true,"href":"https:\/\/mallorygroup.ee\/et\/wp-json\/wp\/v2\/pages\/1273\/"}],"wp:attachment":[{"href":"https:\/\/mallorygroup.ee\/et\/wp-json\/wp\/v2\/media\/?parent=1285"}],"curies":[{"name":"wp","href":"https:\/\/api.w.org\/{rel}","templated":true}]}}