{"id":1317,"date":"2018-11-13T18:28:05","date_gmt":"2018-11-13T15:28:05","guid":{"rendered":"http:\/\/mallory.web-design.ee\/mallory-auto\/services\/"},"modified":"2024-03-18T16:42:14","modified_gmt":"2024-03-18T13:42:14","slug":"services","status":"publish","type":"page","link":"https:\/\/mallorygroup.ee\/et\/mallory-auto\/services\/","title":{"rendered":"Teenused"},"content":{"rendered":"<div id=\"pl-1317\"  class=\"panel-layout\" ><div id=\"pg-1317-0\"  class=\"panel-grid panel-no-style\" ><div id=\"pgc-1317-0-0\"  class=\"panel-grid-cell\" ><div id=\"panel-1317-0-0-0\" class=\"so-panel widget widget_black-studio-tinymce widget_black_studio_tinymce panel-first-child\" data-index=\"0\" ><h3 class=\"widget-title\"><span class=\"widget-title__inline\">VEOSTE AUTOTRANSPORT<\/span><\/h3><div class=\"textwidget\"><p>Veoste transport on Euroopa ja teiste riikide lahutamatu osa infrastruktuurist. Asi on selles, et enamikel juhtudel on v\u00f5imatu teostada mingit \u00e4ritegevust ilma nende veoteenusteta. Juhime t\u00e4helepanu, et t\u00e4nap\u00e4eval kasutatakse autotransporti koormate veol k\u00f5ige edukamalt, nii kohalikuks, kui ka rahvusvaheliseks transportimiseks.<\/p>\n<p>Peale selle, erineb autotransport muudest veoste transpordiliikidest m\u00f5ningate t\u00e4htsate paljude klientide jaoks omaduste poolest, millest on praegu \u00f5ige hetk r\u00e4\u00e4kida.<\/p>\n<ol>\n<li>Veoste autotransport v\u00f5rreldes teiste transpordiviisidest v\u00f5imaldavad kergesti planeerida marsruuti, valida k\u00f5ige l\u00fchema ja soodsama marsruudi. Samuti esineb v\u00f5imalus vajaduse korral s\u00f5ita m\u00f6\u00f6da nendest aladest, kus v\u00f5ivad esineda probleeme<\/li>\n<li>K\u00f5ige olulisemaks k\u00f5ikidest eelistest oli ja j\u00e4\u00e4b v\u00f5imalus veose otseseks kohaletoimetamiseks, see t\u00e4hendab \u201ek\u00e4est k\u00e4tte\u201c. K\u00f5ik teised veose transportimise viisid, olgu selleks raudtee-, lennu- v\u00f5i meretransport, ei anna sellist v\u00f5imalust. Nendeks transpordiviisideks on vajalik autotransport, selleks, et transportida koorem pealelaadimiskohta ning samuti selleks, et viia koorem sihtpunkti, kasutades sealjuures mitmeid peale-ja mahalaadimisoperatsioone. Veoste autotransport v\u00f5imaldab v\u00e4ltida lisavaeva peale- ja mahalaadimisega ning tagab koorma palju mugavama \u2013 otsese kohaletoimetamise ( koorma saatjast koorma saajani).\u00a0 Seoses sellega v\u00e4henevad ka vara kadumise v\u00f5i kahjustamise riskid.<\/li>\n<li>Kasutades autotransporti v\u00f5ib Teie veost panna teele iga minut, sest erinevalt teistest veoviisidest, pole vajadust oodata, kuni koguneb piisav arv kliente, selleks, et saata teele n\u00e4iteks\u00a0 rong v\u00f5i kaubalaev. Samuti ei s\u00f5ltu autotransport dispet\u0161eritest v\u00f5i muudest teenistustest. Seega on veoste kohaletoimetamine autotranspordi vahendusel ka k\u00f5ige operatiivsem transpordi variant.<\/li>\n<li>On mitmeid kohandatuid\u00a0 autos\u00f5idukite vahendeid ohtlike v\u00f5i muud liiki spetsiifiliste\u00a0 veoste transportimiseks. N\u00e4iteks kui veetava koorem vajab madalat temperatuuri, siis selleks on olemas jahuti.<\/li>\n<li>Autotranspordiga teostatavate koormate vedu on v\u00e4ga kerge j\u00e4lgida. Samuti v\u00f5ib koorma vedaja h\u00f5lpsalt tagada koormate ekspedeerimise v\u00f5i transporditava vara valve. Klient saab praktiliselt igal hetkel\u00a0 kontrollida, kuidas kulgeb transportimine ning kus asub antud hetkel auto koormaga.<\/li>\n<\/ol>\n<p>Me teostame t\u00e4is-, \u00fclem\u00f5\u00f5duliste-, ohtlike- ja osakoormate rahvusvahelist vedu autotranspordi vahendusel \u00fcle kogu Euroopa ja SR\u00dc. Meie autod on alati valmis veoste pealelaadimiseks Saksamaal, Taanis, Prantsusmaal, Itaalias, Hispaanias, Inglismaal ja muudes riikides.<\/p>\n<p>Tellides veoste autotranspordi meie ettev\u00f5ttes, valitakse Teile ajatundlikult ning Teie jaoks soodne marsruut, m\u00e4\u00e4ratakse optimaalne transport ning antakse\u00a0 iga kliendi jaoks olulise veose kohaletoimetamise maksimaalse kiiruse ja kvaliteedi garantii.<\/p>\n<\/div><\/div><div id=\"panel-1317-0-0-1\" class=\"so-panel widget widget_black-studio-tinymce widget_black_studio_tinymce panel-last-child\" data-index=\"1\" ><h3 class=\"widget-title\"><span class=\"widget-title__inline\">OSAKOORMAD<\/span><\/h3><div class=\"textwidget\"><p>Paljud ettev\u00f5tted on oma igap\u00e4evases tegevuses sunnitud kokku puutuma v\u00e4ikem\u00f5\u00f5duliste veoste partiide transpordi organiseerimise probleemiga. Tihti juhtub nii, et ettev\u00f5ttel on vaja kiiresti toimetada kohale veoste v\u00e4ikest partiid. Eraldi transpordi kasutamine selle k\u00fcsimuse lahendamiseks oleks ettev\u00f5tte jaoks \u00e4\u00e4retult koormav ja majanduslikult otstarbetu. Kuidas siis seda probleemi lahendada? Ilmne vastus sellele k\u00fcsimusele on t\u00e4nap\u00e4eval j\u00e4rgmine: kasutada osakoormate veoteenuseid.<\/p>\n<p>Osakoormad on kogum mitmete saatjate veoste, mis transporditakse mingil kindlal etapil \u00fche ja sama transpordivahendiga. Seega seisneb osakoormate vedu selles, et v\u00e4iksemad veoste partiid \u00fchinevad (konsolideeruvad) \u00fchtseks koormaks, mis veetakse regulaarliinil, kindla marsruudi j\u00e4rgi ning \u00fche transpordi liigiga. Selleks eesm\u00e4rgiks v\u00f5ib t\u00e4nap\u00e4eval kasutada lennu-, auto-, mere-, raudtee-, v\u00f5 m\u00f5nda muud liiki transporti. Osakoormate vedu on s\u00e4\u00e4stlik, kiire ja usaldusv\u00e4\u00e4rne viis aktuaalse probleemi \u2013 veoste v\u00e4ikepartiide transpordi lahendamiseks.<\/p>\n<p>T\u00e4nu kaasaegsetele konsolideeritud ladudele ja uusimatele transporditehnoloogiatele, on osakoormate vedu kiire ja \u00fclimalt soodne ettev\u00f5tetele erinevatest \u00e4rivaldkondadest. T\u00e4nap\u00e4evaks kasutavad osakoormate veoteenuseid ettev\u00f5tted, mis tegelevad arvuti- kodu ja kontoritehnika ning samuti selle koostisosade ja kulumaterjalide tootmise ja m\u00fc\u00fcgiga. Osakoormate veo eeliseks seisneb selles, et toodete, kaupade v\u00f5i saadetiste v\u00e4ikesed partiid\u00a0 \u00fchinevad transportimiseks \u00fcheks t\u00e4iskoormaks, sealjuures veotellijad ei ole piiratud tellimuse mahtudes ning tasuvad ainult selle koha eest, mille v\u00f5tab nende veos.<\/p>\n<p>Osakoormate vedu n\u00f5uab erilisi teadmisi ja kogemust, optimaalse ja usaldusv\u00e4\u00e4rse s\u00fcsteemi loomist, mis tagab veoste \u00f5igeaegset ja ohutut kohaletoimetamist kogu teekonnal. Osakoormate edukaks ja efektiivseks veoks peab transpordiettev\u00f5te omama k\u00f5rgeltkvalifitseeritud personali ning vastavaid materiaalseid ja tehnilisi v\u00f5imalusi. Nende p\u00f5hjuste t\u00f5ttu tasub osakoormate vedu usaldada oma ala t\u00f5elistele asjatundjatele.<\/p>\n<p>Ettev\u00f5tte\u00a0Mallory Auto osakoormate veoteenused \u2013 see on Teie veoste ja saadetiste transportimise k\u00f5rge kiirus ja usaldusv\u00e4\u00e4rsus. Me v\u00f5tame enda peale k\u00f5ik mured, mis on seotud osakoorma veoga, pakkudes teile lisateenuste laia valikut, sealhulgas peale- ja allalaadimist\u00f6id, veoste t\u00f6\u00f6tlemine laos, ettevalmistus transpordiks, abi tollivormistusel ja palju muud. Me saame Teile pakkuda erinevad skeeme osakoormate transpordiks, sealhulgas ka veose pealev\u00f5tmist saatja laost ning kohale toimetamist\u00a0 vahetult saaja k\u00e4tte erinevate traspordiliikide vahendusel.<\/p>\n<p>Osakoormate vedu ettev\u00f5ttelt\u00a0Mallory Auto \u2013 see on optimaalne variant v\u00e4ikese kaubahulga transpordiks nii eraisikute, kui ka v\u00e4ike-, keskmise-, ja suurettev\u00f5tluse esindajate jaoks.<\/p>\n<\/div><\/div><\/div><\/div><\/div>","protected":false},"excerpt":{"rendered":"<p>VEOSTE AUTOTRANSPORTVeoste transport on Euroopa ja teiste riikide lahutamatu osa infrastruktuurist. Asi on selles, et enamikel juhtudel on v\u00f5imatu teostada mingit \u00e4ritegevust ilma nende veoteenusteta. Juhime t\u00e4helepanu, et t\u00e4nap\u00e4eval kasutatakse autotransporti koormate veol k\u00f5ige edukamalt, nii kohalikuks, kui ka rahvusvaheliseks transportimiseks. Peale selle, erineb autotransport muudest veoste transpordiliikidest m\u00f5ningate t\u00e4htsate paljude klientide jaoks omaduste poolest, &hellip;<\/p>\n","protected":false},"author":1,"featured_media":0,"parent":1273,"menu_order":0,"comment_status":"closed","ping_status":"open","template":"template-page-mallory-auto.php","meta":{"footnotes":""},"_links":{"self":[{"href":"https:\/\/mallorygroup.ee\/et\/wp-json\/wp\/v2\/pages\/1317\/"}],"collection":[{"href":"https:\/\/mallorygroup.ee\/et\/wp-json\/wp\/v2\/pages\/"}],"about":[{"href":"https:\/\/mallorygroup.ee\/et\/wp-json\/wp\/v2\/types\/page\/"}],"author":[{"embeddable":true,"href":"https:\/\/mallorygroup.ee\/et\/wp-json\/wp\/v2\/users\/1\/"}],"replies":[{"embeddable":true,"href":"https:\/\/mallorygroup.ee\/et\/wp-json\/wp\/v2\/comments\/?post=1317"}],"version-history":[{"count":3,"href":"https:\/\/mallorygroup.ee\/et\/wp-json\/wp\/v2\/pages\/1317\/revisions\/"}],"predecessor-version":[{"id":1871,"href":"https:\/\/mallorygroup.ee\/et\/wp-json\/wp\/v2\/pages\/1317\/revisions\/1871\/"}],"up":[{"embeddable":true,"href":"https:\/\/mallorygroup.ee\/et\/wp-json\/wp\/v2\/pages\/1273\/"}],"wp:attachment":[{"href":"https:\/\/mallorygroup.ee\/et\/wp-json\/wp\/v2\/media\/?parent=1317"}],"curies":[{"name":"wp","href":"https:\/\/api.w.org\/{rel}","templated":true}]}}